{"id":52,"date":"2020-08-20T19:31:16","date_gmt":"2020-08-20T19:31:16","guid":{"rendered":"https:\/\/invezt.co\/kaymera\/?page_id=52"},"modified":"2022-03-24T19:06:45","modified_gmt":"2022-03-24T19:06:45","slug":"cipherbond-requerimientos-tecnicos","status":"publish","type":"page","link":"https:\/\/invezt.co\/kaymera\/cipherbond\/cipherbond-requerimientos-tecnicos\/","title":{"rendered":"CipherBond Requerimientos T\u00e9cnicos"},"content":{"rendered":"\t\t<div data-elementor-type=\"wp-page\" data-elementor-id=\"52\" class=\"elementor elementor-52\">\n\t\t\t\t\t\t<section class=\"has_eae_slider elementor-section elementor-top-section elementor-element elementor-element-4c799a84 elementor-section-height-min-height elementor-section-boxed elementor-section-height-default elementor-section-items-middle\" data-eae-slider=\"36009\" data-id=\"4c799a84\" data-element_type=\"section\" data-e-type=\"section\" data-settings=\"{&quot;background_background&quot;:&quot;classic&quot;}\">\n\t\t\t\t\t\t<div class=\"elementor-container elementor-column-gap-default\">\n\t\t\t\t\t<div class=\"has_eae_slider elementor-column elementor-col-100 elementor-top-column elementor-element elementor-element-5709c5fd\" data-eae-slider=\"18638\" data-id=\"5709c5fd\" data-element_type=\"column\" data-e-type=\"column\">\n\t\t\t<div class=\"elementor-widget-wrap elementor-element-populated\">\n\t\t\t\t\t\t<div class=\"elementor-element elementor-element-85f099b elementor-widget elementor-widget-shortcode\" data-id=\"85f099b\" data-element_type=\"widget\" data-e-type=\"widget\" data-widget_type=\"shortcode.default\">\n\t\t\t\t<div class=\"elementor-widget-container\">\n\t\t\t\t\t\t\t<div class=\"elementor-shortcode\"><span class=\"nv--yoast-breadcrumb neve-breadcrumbs-wrapper\" style=\"font-size:0.8em; text-decoration:none;\"><span><span><a href=\"https:\/\/invezt.co\/kaymera\/\">Portada<\/a><\/span><\/span><\/span><\/div>\n\t\t\t\t\t\t<\/div>\n\t\t\t\t<\/div>\n\t\t\t\t<div class=\"elementor-element elementor-element-9dcb618 elementor-widget elementor-widget-heading\" data-id=\"9dcb618\" data-element_type=\"widget\" data-e-type=\"widget\" data-widget_type=\"heading.default\">\n\t\t\t\t<div class=\"elementor-widget-container\">\n\t\t\t\t\t<h2 class=\"elementor-heading-title elementor-size-default\">CipherBond<\/h2>\t\t\t\t<\/div>\n\t\t\t\t<\/div>\n\t\t\t\t<div class=\"elementor-element elementor-element-297e79a elementor-widget elementor-widget-heading\" data-id=\"297e79a\" data-element_type=\"widget\" data-e-type=\"widget\" data-widget_type=\"heading.default\">\n\t\t\t\t<div class=\"elementor-widget-container\">\n\t\t\t\t\t<h2 class=\"elementor-heading-title elementor-size-default\">Requerimientos T\u00e9cnicos<\/h2>\t\t\t\t<\/div>\n\t\t\t\t<\/div>\n\t\t\t\t\t<\/div>\n\t\t<\/div>\n\t\t\t\t\t<\/div>\n\t\t<\/section>\n\t\t\t\t<section class=\"has_eae_slider elementor-section elementor-top-section elementor-element elementor-element-ef1e1a6 elementor-section-boxed elementor-section-height-default elementor-section-height-default\" data-eae-slider=\"80530\" data-id=\"ef1e1a6\" data-element_type=\"section\" data-e-type=\"section\">\n\t\t\t\t\t\t<div class=\"elementor-container elementor-column-gap-default\">\n\t\t\t\t\t<div class=\"has_eae_slider elementor-column elementor-col-100 elementor-top-column elementor-element elementor-element-8b9912f\" data-eae-slider=\"47625\" data-id=\"8b9912f\" data-element_type=\"column\" data-e-type=\"column\">\n\t\t\t<div class=\"elementor-widget-wrap elementor-element-populated\">\n\t\t\t\t\t\t<div class=\"elementor-element elementor-element-095b582 elementor-widget elementor-widget-text-editor\" data-id=\"095b582\" data-element_type=\"widget\" data-e-type=\"widget\" data-widget_type=\"text-editor.default\">\n\t\t\t\t<div class=\"elementor-widget-container\">\n\t\t\t\t\t\t\t\t\t<p><b><br \/>Dispositivo: <\/b><span style=\"font-weight: 400;\">El usuario requiere contar con un tel\u00e9fono m\u00f3vil inteligente con un sistema operativo <\/span><b>iOS 9.3<\/b><span style=\"font-weight: 400;\"> o posterior, <\/span><b>Android 6.0<\/b><span style=\"font-weight: 400;\"> o posterior. As\u00ed mismo, debe contar con una l\u00ednea celular activa con un n\u00famero celular v\u00e1lido, con conexi\u00f3n a internet ya sea por <\/span><b>WiFi<\/b><span style=\"font-weight: 400;\"> o Red M\u00f3vil <\/span><b>3G (HSPA +)<\/b><span style=\"font-weight: 400;\"> o <\/span><b>4G LTE<\/b><span style=\"font-weight: 400;\">.<\/span><\/p><p><b>Plan o Paquete de Datos M\u00f3viles: <\/b><span style=\"font-weight: 400;\">Se debe contar con un plan o paquete de datos m\u00f3viles acorde con el consumo mensual del usuario. Un minuto de <\/span><b>Enlace Seguro de Voz<\/b><span style=\"font-weight: 400;\"> a trav\u00e9s de <\/span><span style=\"color: #eb1a22;\"><b>CipherBond<\/b><\/span><span style=\"font-weight: 400;\"> consume <\/span><b>0.25MB<\/b><span style=\"font-weight: 400;\">, por lo que de acuerdo a los patrones de uso t\u00edpico de minutos al mes de un usuario se requieren los siguientes megas de datos de un plan o paquete celular:<\/span><\/p><ul><li style=\"font-weight: 400;\"><b>Bajo<\/b><span style=\"font-weight: 400;\">: 200 minutos al mes = 51 MB<\/span><\/li><li style=\"font-weight: 400;\"><b>Medio<\/b><span style=\"font-weight: 400;\">: 600 minutos al mes = 153 MB<\/span><\/li><li style=\"font-weight: 400;\"><b>Alto<\/b><span style=\"font-weight: 400;\">: 1600 minutos al mes = 410 MB<\/span><\/li><li style=\"font-weight: 400;\"><b>Extremadamente alto<\/b><span style=\"font-weight: 400;\">: 4,000 minutos al mes = 1025MB (aplica a menos del 2% de los usuarios del mercado).<\/span><\/li><\/ul><p><span style=\"font-weight: 400;\">\u00a0<\/span><\/p><p><span style=\"font-weight: 400;\">Como un n\u00famero estimado alto se recomienda considerar un consumo mensual de <\/span><b>0.5 GB<\/b><span style=\"font-weight: 400;\"> de datos para <\/span><span style=\"color: #eb1a22;\"><b>CipherBond<\/b><\/span><span style=\"font-weight: 400;\">. Para la selecci\u00f3n del plan celular hay que a\u00f1adir el consumo estimado del usuario en correos electr\u00f3nicos, redes sociales (Facebook, WhatsApp, Snapchat, etc), consumo de datos para videos (Youtube, Facebook, TikTok, etc), transferencias de archivos, navegaci\u00f3n general de internet, etc.<\/span><\/p><p><b>Operador M\u00f3vil: <\/b><span style=\"font-weight: 400;\">la app <\/span><span style=\"color: #eb1a22;\"><b>CipherBond<\/b><\/span><span style=\"font-weight: 400;\"> funciona indistintamente sobre l\u00edneas de <\/span><b>Postpago<\/b><span style=\"font-weight: 400;\"> (libres o controladas) o de <\/span><b>Prepago<\/b><span style=\"font-weight: 400;\"> de:\u00a0<\/span><\/p><ul><li style=\"font-weight: 400;\"><span style=\"font-weight: 400;\">Cualquier operador celular: Telcel, AT&amp;T y Movistar.<\/span><\/li><li style=\"font-weight: 400;\"><span style=\"font-weight: 400;\">Operador M\u00f3vil Virtual: Unefon, Virgin Mobile, Oui, Weex, Simplii, Cierto, FreedomPop, Flash Mobile, QBOCel, Izzi, etc.<\/span><\/li><\/ul><p><span style=\"font-weight: 400;\"><br \/><img fetchpriority=\"high\" decoding=\"async\" class=\"size-full wp-image-522 alignright\" src=\"https:\/\/invezt.co\/kaymera\/wp-content\/uploads\/2020\/08\/reqtec.jpg\" alt=\"\" width=\"400\" height=\"442\" srcset=\"https:\/\/invezt.co\/kaymera\/wp-content\/uploads\/2020\/08\/reqtec.jpg 400w, https:\/\/invezt.co\/kaymera\/wp-content\/uploads\/2020\/08\/reqtec-271x300.jpg 271w\" sizes=\"(max-width: 400px) 100vw, 400px\" \/><br \/>El servicio de <\/span><span style=\"color: #eb1a22;\"><b>CipherBond<\/b><\/span><span style=\"font-weight: 400;\"> no afecta la l\u00ednea de cr\u00e9dito o l\u00edmites de consumo establecidos a su l\u00ednea ya que el servicio se maneja por separado a su cuenta con su compa\u00f1\u00eda celular.<\/span><\/p><p><b>Cobertura: <\/b><span style=\"font-weight: 400;\">es importante asegurarse que la compa\u00f1\u00eda celular que elija le provea la cobertura de datos 3G\/4G adecuada para sus necesidades y sus patrones de movimiento para que siempre se mantenga comunicado. Igual con respecto al roaming internacional de datos<\/span><\/p>\t\t\t\t\t\t\t\t<\/div>\n\t\t\t\t<\/div>\n\t\t\t\t\t<\/div>\n\t\t<\/div>\n\t\t\t\t\t<\/div>\n\t\t<\/section>\n\t\t\t\t<section class=\"has_eae_slider elementor-section elementor-top-section elementor-element elementor-element-1e59f84d elementor-section-boxed elementor-section-height-default elementor-section-height-default\" data-eae-slider=\"61454\" data-id=\"1e59f84d\" data-element_type=\"section\" data-e-type=\"section\" data-settings=\"{&quot;background_background&quot;:&quot;classic&quot;}\">\n\t\t\t\t\t\t\t<div class=\"elementor-background-overlay\"><\/div>\n\t\t\t\t\t\t\t<div class=\"elementor-container elementor-column-gap-default\">\n\t\t\t\t\t<div class=\"has_eae_slider elementor-column elementor-col-33 elementor-top-column elementor-element elementor-element-6c55e71b\" data-eae-slider=\"16678\" data-id=\"6c55e71b\" data-element_type=\"column\" data-e-type=\"column\">\n\t\t\t<div class=\"elementor-widget-wrap elementor-element-populated\">\n\t\t\t\t\t\t<section class=\"has_eae_slider elementor-section elementor-inner-section elementor-element elementor-element-f8778b2 elementor-section-boxed elementor-section-height-default elementor-section-height-default\" data-eae-slider=\"53387\" data-id=\"f8778b2\" data-element_type=\"section\" data-e-type=\"section\" data-settings=\"{&quot;background_background&quot;:&quot;classic&quot;}\">\n\t\t\t\t\t\t<div class=\"elementor-container elementor-column-gap-default\">\n\t\t\t\t\t<div class=\"has_eae_slider elementor-column elementor-col-100 elementor-inner-column elementor-element elementor-element-65f11753\" data-eae-slider=\"59735\" data-id=\"65f11753\" data-element_type=\"column\" data-e-type=\"column\">\n\t\t\t<div class=\"elementor-widget-wrap elementor-element-populated\">\n\t\t\t\t\t\t<div class=\"elementor-element elementor-element-41bce6e elementor-widget elementor-widget-heading\" data-id=\"41bce6e\" data-element_type=\"widget\" data-e-type=\"widget\" data-widget_type=\"heading.default\">\n\t\t\t\t<div class=\"elementor-widget-container\">\n\t\t\t\t\t<h2 class=\"elementor-heading-title elementor-size-default\">Proteja sus datos ahora<\/h2>\t\t\t\t<\/div>\n\t\t\t\t<\/div>\n\t\t\t\t<div class=\"elementor-element elementor-element-624dd5a elementor-widget elementor-widget-text-editor\" data-id=\"624dd5a\" data-element_type=\"widget\" data-e-type=\"widget\" data-widget_type=\"text-editor.default\">\n\t\t\t\t<div class=\"elementor-widget-container\">\n\t\t\t\t\t\t\t\t\t<p>Cont\u00e1ctenos para soporte, compras o cualquier otra consulta.<\/p>\t\t\t\t\t\t\t\t<\/div>\n\t\t\t\t<\/div>\n\t\t\t\t<div class=\"elementor-element elementor-element-2e88aac elementor-widget elementor-widget-htcontactform-addons\" data-id=\"2e88aac\" data-element_type=\"widget\" data-e-type=\"widget\" data-widget_type=\"htcontactform-addons.default\">\n\t\t\t\t<div class=\"elementor-widget-container\">\n\t\t\t\t\t            <div class=\"htcontact-form-wrapper\" >\n                \n<div class=\"wpcf7 no-js\" id=\"wpcf7-f380-o1\" lang=\"es-ES\" dir=\"ltr\" data-wpcf7-id=\"380\">\n<div class=\"screen-reader-response\"><p role=\"status\" aria-live=\"polite\" aria-atomic=\"true\"><\/p> <ul><\/ul><\/div>\n<form action=\"\/kaymera\/wp-json\/wp\/v2\/pages\/52#wpcf7-f380-o1\" method=\"post\" class=\"wpcf7-form init\" aria-label=\"Formulario de contacto\" novalidate=\"novalidate\" data-status=\"init\">\n<fieldset class=\"hidden-fields-container\"><input type=\"hidden\" name=\"_wpcf7\" value=\"380\" \/><input type=\"hidden\" name=\"_wpcf7_version\" value=\"6.1.5\" \/><input type=\"hidden\" name=\"_wpcf7_locale\" value=\"es_ES\" \/><input type=\"hidden\" name=\"_wpcf7_unit_tag\" value=\"wpcf7-f380-o1\" \/><input type=\"hidden\" name=\"_wpcf7_container_post\" value=\"0\" \/><input type=\"hidden\" name=\"_wpcf7_posted_data_hash\" value=\"\" \/>\n<\/fieldset>\n<p><span class=\"wpcf7-form-control-wrap\" data-name=\"your-name\"><input size=\"40\" maxlength=\"400\" class=\"wpcf7-form-control wpcf7-text wpcf7-validates-as-required\" aria-required=\"true\" aria-invalid=\"false\" placeholder=\"Nombre*\" value=\"\" type=\"text\" name=\"your-name\" \/><\/span>\n<\/p>\n<p><span class=\"wpcf7-form-control-wrap\" data-name=\"your-email\"><input size=\"40\" maxlength=\"400\" class=\"wpcf7-form-control wpcf7-email wpcf7-validates-as-required wpcf7-text wpcf7-validates-as-email\" aria-required=\"true\" aria-invalid=\"false\" placeholder=\"Email*\" value=\"\" type=\"email\" name=\"your-email\" \/><\/span>\n<\/p>\n<p><span class=\"wpcf7-form-control-wrap intl_tel-635\"><input class=\"wpcf7-form-control wpcf7-intl_tel wpcf7-validates-as-required wpcf7-intl-tel\" aria-required=\"true\" aria-invalid=\"false\" data-initialcountry=\"mx\" value=\"\" type=\"tel\" name=\"intl_tel-635-cf7it-national\" \/><input name=\"intl_tel-635\" type=\"hidden\" class=\"wpcf7-intl-tel-full\" \/><input type=\"hidden\" name=\"intl_tel-635-cf7it-country-name\" class=\"wpcf7-intl-tel-country-name\" \/><input type=\"hidden\" name=\"intl_tel-635-cf7it-country-code\" class=\"wpcf7-intl-tel-country-code\" \/><input type=\"hidden\" name=\"intl_tel-635-cf7it-country-iso2\" class=\"wpcf7-intl-tel-country-iso2\" \/><\/span><br \/>\n<span class=\"wpcf7-form-control-wrap\" data-name=\"acceptance-651\"><span class=\"wpcf7-form-control wpcf7-acceptance\"><span class=\"wpcf7-list-item\"><label><input type=\"checkbox\" name=\"acceptance-651\" value=\"1\" aria-invalid=\"false\" \/><span class=\"wpcf7-list-item-label\">Acepto t\u00e9rminos y condiciones<\/span><\/label><\/span><\/span><\/span>\n<\/p>\n<p><input class=\"wpcf7-form-control wpcf7-submit has-spinner\" type=\"submit\" value=\"Contacta ahora\" \/>\n<\/p>\n<style>.wpcf7-form input[type=\"text\"], input[type=\"email\"], input[type=\"url\"], input[type=\"password\"], input[type=\"search\"], input[type=\"number\"], input[type=\"tel\"], input[type=\"range\"], input[type=\"date\"], input[type=\"month\"], input[type=\"week\"], input[type=\"time\"], input[type=\"datetime\"], input[type=\"datetime-local\"], input[type=\"color\"], select, textarea {width:100% !important;}\n<\/style><div class=\"wpcf7-response-output\" aria-hidden=\"true\"><\/div>\n<\/form>\n<\/div>\n            <\/div>\n\n        \t\t\t\t<\/div>\n\t\t\t\t<\/div>\n\t\t\t\t\t<\/div>\n\t\t<\/div>\n\t\t\t\t\t<\/div>\n\t\t<\/section>\n\t\t\t\t\t<\/div>\n\t\t<\/div>\n\t\t\t\t<div class=\"has_eae_slider elementor-column elementor-col-66 elementor-top-column elementor-element elementor-element-229fac37\" data-eae-slider=\"7253\" data-id=\"229fac37\" data-element_type=\"column\" data-e-type=\"column\">\n\t\t\t<div class=\"elementor-widget-wrap\">\n\t\t\t\t\t\t\t<\/div>\n\t\t<\/div>\n\t\t\t\t\t<\/div>\n\t\t<\/section>\n\t\t\t\t<\/div>\n\t\t","protected":false},"excerpt":{"rendered":"<p>CipherBond Requerimientos T\u00e9cnicos Dispositivo: El usuario requiere contar con un tel\u00e9fono m\u00f3vil inteligente con un sistema operativo iOS 9.3 o posterior, Android 6.0 o posterior. As\u00ed mismo, debe contar con una l\u00ednea celular activa con un n\u00famero celular v\u00e1lido, con conexi\u00f3n a internet ya sea por WiFi o Red M\u00f3vil 3G (HSPA +) o 4G&hellip;&nbsp;<a href=\"https:\/\/invezt.co\/kaymera\/cipherbond\/cipherbond-requerimientos-tecnicos\/\" rel=\"bookmark\">Leer m\u00e1s &raquo;<span class=\"screen-reader-text\">CipherBond Requerimientos T\u00e9cnicos<\/span><\/a><\/p>\n","protected":false},"author":1,"featured_media":0,"parent":2058,"menu_order":0,"comment_status":"closed","ping_status":"closed","template":"elementor_header_footer","meta":{"neve_meta_sidebar":"full-width","neve_meta_container":"","neve_meta_enable_content_width":"on","neve_meta_content_width":100,"neve_meta_title_alignment":"","neve_meta_author_avatar":"","neve_post_elements_order":"","neve_meta_disable_header":"","neve_meta_disable_footer":"","neve_meta_disable_title":"on","footnotes":""},"class_list":["post-52","page","type-page","status-publish","hentry"],"yoast_head":"<!-- This site is optimized with the Yoast SEO plugin v27.1.1 - https:\/\/yoast.com\/product\/yoast-seo-wordpress\/ -->\n<title>CipherBond Requerimientos T\u00e9cnicos - Kaymera<\/title>\n<meta name=\"robots\" content=\"index, follow, max-snippet:-1, max-image-preview:large, max-video-preview:-1\" \/>\n<link rel=\"canonical\" href=\"https:\/\/invezt.co\/kaymera\/cipherbond\/cipherbond-requerimientos-tecnicos\/\" \/>\n<meta property=\"og:locale\" content=\"es_ES\" \/>\n<meta property=\"og:type\" content=\"article\" \/>\n<meta property=\"og:title\" content=\"CipherBond Requerimientos T\u00e9cnicos - Kaymera\" \/>\n<meta property=\"og:description\" content=\"CipherBond Requerimientos T\u00e9cnicos Dispositivo: El usuario requiere contar con un tel\u00e9fono m\u00f3vil inteligente con un sistema operativo iOS 9.3 o posterior, Android 6.0 o posterior. As\u00ed mismo, debe contar con una l\u00ednea celular activa con un n\u00famero celular v\u00e1lido, con conexi\u00f3n a internet ya sea por WiFi o Red M\u00f3vil 3G (HSPA +) o 4G&hellip;&nbsp;Leer m\u00e1s &raquo;CipherBond Requerimientos T\u00e9cnicos\" \/>\n<meta property=\"og:url\" content=\"https:\/\/invezt.co\/kaymera\/cipherbond\/cipherbond-requerimientos-tecnicos\/\" \/>\n<meta property=\"og:site_name\" content=\"Kaymera\" \/>\n<meta property=\"article:modified_time\" content=\"2022-03-24T19:06:45+00:00\" \/>\n<meta property=\"og:image\" content=\"https:\/\/invezt.co\/kaymera\/wp-content\/uploads\/2020\/08\/reqtec.jpg\" \/>\n<meta name=\"twitter:card\" content=\"summary_large_image\" \/>\n<meta name=\"twitter:label1\" content=\"Tiempo de lectura\" \/>\n\t<meta name=\"twitter:data1\" content=\"2 minutos\" \/>\n<script type=\"application\/ld+json\" class=\"yoast-schema-graph\">{\"@context\":\"https:\/\/schema.org\",\"@graph\":[{\"@type\":\"WebPage\",\"@id\":\"https:\/\/invezt.co\/kaymera\/cipherbond\/cipherbond-requerimientos-tecnicos\/\",\"url\":\"https:\/\/invezt.co\/kaymera\/cipherbond\/cipherbond-requerimientos-tecnicos\/\",\"name\":\"CipherBond Requerimientos T\u00e9cnicos - Kaymera\",\"isPartOf\":{\"@id\":\"https:\/\/invezt.co\/kaymera\/#website\"},\"primaryImageOfPage\":{\"@id\":\"https:\/\/invezt.co\/kaymera\/cipherbond\/cipherbond-requerimientos-tecnicos\/#primaryimage\"},\"image\":{\"@id\":\"https:\/\/invezt.co\/kaymera\/cipherbond\/cipherbond-requerimientos-tecnicos\/#primaryimage\"},\"thumbnailUrl\":\"https:\/\/invezt.co\/kaymera\/wp-content\/uploads\/2020\/08\/reqtec.jpg\",\"datePublished\":\"2020-08-20T19:31:16+00:00\",\"dateModified\":\"2022-03-24T19:06:45+00:00\",\"breadcrumb\":{\"@id\":\"https:\/\/invezt.co\/kaymera\/cipherbond\/cipherbond-requerimientos-tecnicos\/#breadcrumb\"},\"inLanguage\":\"es\",\"potentialAction\":[{\"@type\":\"ReadAction\",\"target\":[\"https:\/\/invezt.co\/kaymera\/cipherbond\/cipherbond-requerimientos-tecnicos\/\"]}]},{\"@type\":\"ImageObject\",\"inLanguage\":\"es\",\"@id\":\"https:\/\/invezt.co\/kaymera\/cipherbond\/cipherbond-requerimientos-tecnicos\/#primaryimage\",\"url\":\"https:\/\/invezt.co\/kaymera\/wp-content\/uploads\/2020\/08\/reqtec.jpg\",\"contentUrl\":\"https:\/\/invezt.co\/kaymera\/wp-content\/uploads\/2020\/08\/reqtec.jpg\"},{\"@type\":\"BreadcrumbList\",\"@id\":\"https:\/\/invezt.co\/kaymera\/cipherbond\/cipherbond-requerimientos-tecnicos\/#breadcrumb\",\"itemListElement\":[{\"@type\":\"ListItem\",\"position\":1,\"name\":\"Portada\",\"item\":\"https:\/\/invezt.co\/kaymera\/\"},{\"@type\":\"ListItem\",\"position\":2,\"name\":\"CipherBond\",\"item\":\"https:\/\/invezt.co\/kaymera\/cipherbond\/\"},{\"@type\":\"ListItem\",\"position\":3,\"name\":\"CipherBond Requerimientos T\u00e9cnicos\"}]},{\"@type\":\"WebSite\",\"@id\":\"https:\/\/invezt.co\/kaymera\/#website\",\"url\":\"https:\/\/invezt.co\/kaymera\/\",\"name\":\"Kaymera\",\"description\":\"High-end mobile security\",\"publisher\":{\"@id\":\"https:\/\/invezt.co\/kaymera\/#organization\"},\"potentialAction\":[{\"@type\":\"SearchAction\",\"target\":{\"@type\":\"EntryPoint\",\"urlTemplate\":\"https:\/\/invezt.co\/kaymera\/?s={search_term_string}\"},\"query-input\":{\"@type\":\"PropertyValueSpecification\",\"valueRequired\":true,\"valueName\":\"search_term_string\"}}],\"inLanguage\":\"es\"},{\"@type\":\"Organization\",\"@id\":\"https:\/\/invezt.co\/kaymera\/#organization\",\"name\":\"Kaymera By Invezt.co\",\"url\":\"https:\/\/invezt.co\/kaymera\/\",\"logo\":{\"@type\":\"ImageObject\",\"inLanguage\":\"es\",\"@id\":\"https:\/\/invezt.co\/kaymera\/#\/schema\/logo\/image\/\",\"url\":\"https:\/\/invezt.co\/kaymera\/wp-content\/uploads\/2022\/04\/cropped-favicon-1.png\",\"contentUrl\":\"https:\/\/invezt.co\/kaymera\/wp-content\/uploads\/2022\/04\/cropped-favicon-1.png\",\"width\":512,\"height\":512,\"caption\":\"Kaymera By Invezt.co\"},\"image\":{\"@id\":\"https:\/\/invezt.co\/kaymera\/#\/schema\/logo\/image\/\"}}]}<\/script>\n<!-- \/ Yoast SEO plugin. -->","yoast_head_json":{"title":"CipherBond Requerimientos T\u00e9cnicos - Kaymera","robots":{"index":"index","follow":"follow","max-snippet":"max-snippet:-1","max-image-preview":"max-image-preview:large","max-video-preview":"max-video-preview:-1"},"canonical":"https:\/\/invezt.co\/kaymera\/cipherbond\/cipherbond-requerimientos-tecnicos\/","og_locale":"es_ES","og_type":"article","og_title":"CipherBond Requerimientos T\u00e9cnicos - Kaymera","og_description":"CipherBond Requerimientos T\u00e9cnicos Dispositivo: El usuario requiere contar con un tel\u00e9fono m\u00f3vil inteligente con un sistema operativo iOS 9.3 o posterior, Android 6.0 o posterior. As\u00ed mismo, debe contar con una l\u00ednea celular activa con un n\u00famero celular v\u00e1lido, con conexi\u00f3n a internet ya sea por WiFi o Red M\u00f3vil 3G (HSPA +) o 4G&hellip;&nbsp;Leer m\u00e1s &raquo;CipherBond Requerimientos T\u00e9cnicos","og_url":"https:\/\/invezt.co\/kaymera\/cipherbond\/cipherbond-requerimientos-tecnicos\/","og_site_name":"Kaymera","article_modified_time":"2022-03-24T19:06:45+00:00","og_image":[{"url":"https:\/\/invezt.co\/kaymera\/wp-content\/uploads\/2020\/08\/reqtec.jpg","type":"","width":"","height":""}],"twitter_card":"summary_large_image","twitter_misc":{"Tiempo de lectura":"2 minutos"},"schema":{"@context":"https:\/\/schema.org","@graph":[{"@type":"WebPage","@id":"https:\/\/invezt.co\/kaymera\/cipherbond\/cipherbond-requerimientos-tecnicos\/","url":"https:\/\/invezt.co\/kaymera\/cipherbond\/cipherbond-requerimientos-tecnicos\/","name":"CipherBond Requerimientos T\u00e9cnicos - Kaymera","isPartOf":{"@id":"https:\/\/invezt.co\/kaymera\/#website"},"primaryImageOfPage":{"@id":"https:\/\/invezt.co\/kaymera\/cipherbond\/cipherbond-requerimientos-tecnicos\/#primaryimage"},"image":{"@id":"https:\/\/invezt.co\/kaymera\/cipherbond\/cipherbond-requerimientos-tecnicos\/#primaryimage"},"thumbnailUrl":"https:\/\/invezt.co\/kaymera\/wp-content\/uploads\/2020\/08\/reqtec.jpg","datePublished":"2020-08-20T19:31:16+00:00","dateModified":"2022-03-24T19:06:45+00:00","breadcrumb":{"@id":"https:\/\/invezt.co\/kaymera\/cipherbond\/cipherbond-requerimientos-tecnicos\/#breadcrumb"},"inLanguage":"es","potentialAction":[{"@type":"ReadAction","target":["https:\/\/invezt.co\/kaymera\/cipherbond\/cipherbond-requerimientos-tecnicos\/"]}]},{"@type":"ImageObject","inLanguage":"es","@id":"https:\/\/invezt.co\/kaymera\/cipherbond\/cipherbond-requerimientos-tecnicos\/#primaryimage","url":"https:\/\/invezt.co\/kaymera\/wp-content\/uploads\/2020\/08\/reqtec.jpg","contentUrl":"https:\/\/invezt.co\/kaymera\/wp-content\/uploads\/2020\/08\/reqtec.jpg"},{"@type":"BreadcrumbList","@id":"https:\/\/invezt.co\/kaymera\/cipherbond\/cipherbond-requerimientos-tecnicos\/#breadcrumb","itemListElement":[{"@type":"ListItem","position":1,"name":"Portada","item":"https:\/\/invezt.co\/kaymera\/"},{"@type":"ListItem","position":2,"name":"CipherBond","item":"https:\/\/invezt.co\/kaymera\/cipherbond\/"},{"@type":"ListItem","position":3,"name":"CipherBond Requerimientos T\u00e9cnicos"}]},{"@type":"WebSite","@id":"https:\/\/invezt.co\/kaymera\/#website","url":"https:\/\/invezt.co\/kaymera\/","name":"Kaymera","description":"High-end mobile security","publisher":{"@id":"https:\/\/invezt.co\/kaymera\/#organization"},"potentialAction":[{"@type":"SearchAction","target":{"@type":"EntryPoint","urlTemplate":"https:\/\/invezt.co\/kaymera\/?s={search_term_string}"},"query-input":{"@type":"PropertyValueSpecification","valueRequired":true,"valueName":"search_term_string"}}],"inLanguage":"es"},{"@type":"Organization","@id":"https:\/\/invezt.co\/kaymera\/#organization","name":"Kaymera By Invezt.co","url":"https:\/\/invezt.co\/kaymera\/","logo":{"@type":"ImageObject","inLanguage":"es","@id":"https:\/\/invezt.co\/kaymera\/#\/schema\/logo\/image\/","url":"https:\/\/invezt.co\/kaymera\/wp-content\/uploads\/2022\/04\/cropped-favicon-1.png","contentUrl":"https:\/\/invezt.co\/kaymera\/wp-content\/uploads\/2022\/04\/cropped-favicon-1.png","width":512,"height":512,"caption":"Kaymera By Invezt.co"},"image":{"@id":"https:\/\/invezt.co\/kaymera\/#\/schema\/logo\/image\/"}}]}},"_links":{"self":[{"href":"https:\/\/invezt.co\/kaymera\/wp-json\/wp\/v2\/pages\/52","targetHints":{"allow":["GET"]}}],"collection":[{"href":"https:\/\/invezt.co\/kaymera\/wp-json\/wp\/v2\/pages"}],"about":[{"href":"https:\/\/invezt.co\/kaymera\/wp-json\/wp\/v2\/types\/page"}],"author":[{"embeddable":true,"href":"https:\/\/invezt.co\/kaymera\/wp-json\/wp\/v2\/users\/1"}],"replies":[{"embeddable":true,"href":"https:\/\/invezt.co\/kaymera\/wp-json\/wp\/v2\/comments?post=52"}],"version-history":[{"count":0,"href":"https:\/\/invezt.co\/kaymera\/wp-json\/wp\/v2\/pages\/52\/revisions"}],"up":[{"embeddable":true,"href":"https:\/\/invezt.co\/kaymera\/wp-json\/wp\/v2\/pages\/2058"}],"wp:attachment":[{"href":"https:\/\/invezt.co\/kaymera\/wp-json\/wp\/v2\/media?parent=52"}],"curies":[{"name":"wp","href":"https:\/\/api.w.org\/{rel}","templated":true}]}}