{"id":2069,"date":"2020-08-22T02:55:25","date_gmt":"2020-08-22T02:55:25","guid":{"rendered":"https:\/\/invezt.co\/kaymera\/?page_id=276"},"modified":"2022-03-31T04:05:16","modified_gmt":"2022-03-31T04:05:16","slug":"contacto","status":"publish","type":"page","link":"https:\/\/invezt.co\/kaymera\/contacto\/","title":{"rendered":"Contacto"},"content":{"rendered":"\t\t<div data-elementor-type=\"wp-page\" data-elementor-id=\"2069\" class=\"elementor elementor-2069\">\n\t\t\t\t\t\t<section class=\"has_eae_slider elementor-section elementor-top-section elementor-element elementor-element-2b46493 elementor-section-boxed elementor-section-height-default elementor-section-height-default\" data-eae-slider=\"54768\" data-id=\"2b46493\" data-element_type=\"section\" data-e-type=\"section\" data-settings=\"{&quot;background_background&quot;:&quot;classic&quot;}\">\n\t\t\t\t\t\t<div class=\"elementor-container elementor-column-gap-default\">\n\t\t\t\t\t<div class=\"has_eae_slider elementor-column elementor-col-100 elementor-top-column elementor-element elementor-element-41108f2\" data-eae-slider=\"41696\" data-id=\"41108f2\" data-element_type=\"column\" data-e-type=\"column\">\n\t\t\t<div class=\"elementor-widget-wrap elementor-element-populated\">\n\t\t\t\t\t\t<div class=\"elementor-element elementor-element-705d346 elementor-widget elementor-widget-shortcode\" data-id=\"705d346\" data-element_type=\"widget\" data-e-type=\"widget\" data-widget_type=\"shortcode.default\">\n\t\t\t\t<div class=\"elementor-widget-container\">\n\t\t\t\t\t\t\t<div class=\"elementor-shortcode\"><span class=\"nv--yoast-breadcrumb neve-breadcrumbs-wrapper\" style=\"font-size:0.8em; text-decoration:none;\"><span><span><a href=\"https:\/\/invezt.co\/kaymera\/\">Portada<\/a><\/span><\/span><\/span>\n<style>\n.neve-breadcrumbs-wrapper{color:fff;}<\/style><\/div>\n\t\t\t\t\t\t<\/div>\n\t\t\t\t<\/div>\n\t\t\t\t<div class=\"elementor-element elementor-element-533e9cb elementor-widget elementor-widget-spacer\" data-id=\"533e9cb\" data-element_type=\"widget\" data-e-type=\"widget\" data-widget_type=\"spacer.default\">\n\t\t\t\t<div class=\"elementor-widget-container\">\n\t\t\t\t\t\t\t<div class=\"elementor-spacer\">\n\t\t\t<div class=\"elementor-spacer-inner\"><\/div>\n\t\t<\/div>\n\t\t\t\t\t\t<\/div>\n\t\t\t\t<\/div>\n\t\t\t\t<div class=\"elementor-element elementor-element-5e96c8b elementor-widget elementor-widget-text-editor\" data-id=\"5e96c8b\" data-element_type=\"widget\" data-e-type=\"widget\" data-widget_type=\"text-editor.default\">\n\t\t\t\t<div class=\"elementor-widget-container\">\n\t\t\t\t\t\t\t\t\t<p><span style=\"color: #1aa995;\">CONTACTO<\/span><\/p>\t\t\t\t\t\t\t\t<\/div>\n\t\t\t\t<\/div>\n\t\t\t\t<section class=\"has_eae_slider elementor-section elementor-inner-section elementor-element elementor-element-a73e657 elementor-section-boxed elementor-section-height-default elementor-section-height-default\" data-eae-slider=\"17895\" data-id=\"a73e657\" data-element_type=\"section\" data-e-type=\"section\">\n\t\t\t\t\t\t<div class=\"elementor-container elementor-column-gap-default\">\n\t\t\t\t\t<div class=\"has_eae_slider elementor-column elementor-col-50 elementor-inner-column elementor-element elementor-element-68879df\" data-eae-slider=\"16662\" data-id=\"68879df\" data-element_type=\"column\" data-e-type=\"column\">\n\t\t\t<div class=\"elementor-widget-wrap elementor-element-populated\">\n\t\t\t\t\t\t<div class=\"elementor-element elementor-element-8d02311 elementor-widget elementor-widget-heading\" data-id=\"8d02311\" data-element_type=\"widget\" data-e-type=\"widget\" data-widget_type=\"heading.default\">\n\t\t\t\t<div class=\"elementor-widget-container\">\n\t\t\t\t\t<h2 class=\"elementor-heading-title elementor-size-default\">Estamos aqu\u00ed para asegurarnos\u00a0que su comunicaci\u00f3n e informaci\u00f3n\u00a0no caiga en malas manos<\/h2>\t\t\t\t<\/div>\n\t\t\t\t<\/div>\n\t\t\t\t\t<\/div>\n\t\t<\/div>\n\t\t\t\t<div class=\"has_eae_slider elementor-column elementor-col-50 elementor-inner-column elementor-element elementor-element-224c080\" data-eae-slider=\"92535\" data-id=\"224c080\" data-element_type=\"column\" data-e-type=\"column\">\n\t\t\t<div class=\"elementor-widget-wrap\">\n\t\t\t\t\t\t\t<\/div>\n\t\t<\/div>\n\t\t\t\t\t<\/div>\n\t\t<\/section>\n\t\t\t\t<div class=\"elementor-element elementor-element-b0af7cb elementor-widget elementor-widget-spacer\" data-id=\"b0af7cb\" data-element_type=\"widget\" data-e-type=\"widget\" data-widget_type=\"spacer.default\">\n\t\t\t\t<div class=\"elementor-widget-container\">\n\t\t\t\t\t\t\t<div class=\"elementor-spacer\">\n\t\t\t<div class=\"elementor-spacer-inner\"><\/div>\n\t\t<\/div>\n\t\t\t\t\t\t<\/div>\n\t\t\t\t<\/div>\n\t\t\t\t\t<\/div>\n\t\t<\/div>\n\t\t\t\t\t<\/div>\n\t\t<\/section>\n\t\t\t\t<section class=\"has_eae_slider elementor-section elementor-top-section elementor-element elementor-element-3f05ca9 elementor-section-boxed elementor-section-height-default elementor-section-height-default\" data-eae-slider=\"2099\" data-id=\"3f05ca9\" data-element_type=\"section\" data-e-type=\"section\">\n\t\t\t\t\t\t<div class=\"elementor-container elementor-column-gap-default\">\n\t\t\t\t\t<div class=\"has_eae_slider elementor-column elementor-col-50 elementor-top-column elementor-element elementor-element-4b6bcc1\" data-eae-slider=\"99576\" data-id=\"4b6bcc1\" data-element_type=\"column\" data-e-type=\"column\">\n\t\t\t<div class=\"elementor-widget-wrap elementor-element-populated\">\n\t\t\t\t\t\t<div class=\"elementor-element elementor-element-eb73d18 elementor-widget elementor-widget-spacer\" data-id=\"eb73d18\" data-element_type=\"widget\" data-e-type=\"widget\" data-widget_type=\"spacer.default\">\n\t\t\t\t<div class=\"elementor-widget-container\">\n\t\t\t\t\t\t\t<div class=\"elementor-spacer\">\n\t\t\t<div class=\"elementor-spacer-inner\"><\/div>\n\t\t<\/div>\n\t\t\t\t\t\t<\/div>\n\t\t\t\t<\/div>\n\t\t\t\t<div class=\"elementor-element elementor-element-e15d4ee elementor-widget elementor-widget-text-editor\" data-id=\"e15d4ee\" data-element_type=\"widget\" data-e-type=\"widget\" data-widget_type=\"text-editor.default\">\n\t\t\t\t<div class=\"elementor-widget-container\">\n\t\t\t\t\t\t\t\t\t<p>HQ M\u00e9xico<\/p>\t\t\t\t\t\t\t\t<\/div>\n\t\t\t\t<\/div>\n\t\t\t\t<div class=\"elementor-element elementor-element-b57c151 elementor-widget-divider--view-line elementor-widget elementor-widget-divider\" data-id=\"b57c151\" data-element_type=\"widget\" data-e-type=\"widget\" data-widget_type=\"divider.default\">\n\t\t\t\t<div class=\"elementor-widget-container\">\n\t\t\t\t\t\t\t<div class=\"elementor-divider\">\n\t\t\t<span class=\"elementor-divider-separator\">\n\t\t\t\t\t\t<\/span>\n\t\t<\/div>\n\t\t\t\t\t\t<\/div>\n\t\t\t\t<\/div>\n\t\t\t\t<div class=\"elementor-element elementor-element-c05aa7f elementor-widget elementor-widget-text-editor\" data-id=\"c05aa7f\" data-element_type=\"widget\" data-e-type=\"widget\" data-widget_type=\"text-editor.default\">\n\t\t\t\t<div class=\"elementor-widget-container\">\n\t\t\t\t\t\t\t\t\t<p>HQ I M\u00e9xico<\/p><p>Corporativo Vical, Joselillo # 6A , <br \/>Piso 1, Desp. 104, <br \/>Col. El Parque, C.P. 53398. Naucalpan, <br \/>Estado de M\u00e9xico, M\u00e9xico.<\/p><p>oficina: +52 (55) 6792-7312<br \/>email: <a href=\"mailto:kaymera@invezt.co\" target=\"_blank\" rel=\"noopener noreferrer\">kaymera@invezt.co<\/a><\/p>\t\t\t\t\t\t\t\t<\/div>\n\t\t\t\t<\/div>\n\t\t\t\t\t<\/div>\n\t\t<\/div>\n\t\t\t\t<div class=\"has_eae_slider elementor-column elementor-col-50 elementor-top-column elementor-element elementor-element-0cf4386\" data-eae-slider=\"76825\" data-id=\"0cf4386\" data-element_type=\"column\" data-e-type=\"column\" data-settings=\"{&quot;background_background&quot;:&quot;classic&quot;}\">\n\t\t\t<div class=\"elementor-widget-wrap elementor-element-populated\">\n\t\t\t\t\t\t<section class=\"has_eae_slider elementor-section elementor-inner-section elementor-element elementor-element-864e9c2 elementor-section-boxed elementor-section-height-default elementor-section-height-default\" data-eae-slider=\"73239\" data-id=\"864e9c2\" data-element_type=\"section\" data-e-type=\"section\" data-settings=\"{&quot;background_background&quot;:&quot;classic&quot;}\">\n\t\t\t\t\t\t<div class=\"elementor-container elementor-column-gap-default\">\n\t\t\t\t\t<div class=\"has_eae_slider elementor-column elementor-col-100 elementor-inner-column elementor-element elementor-element-e2a8052\" data-eae-slider=\"22265\" data-id=\"e2a8052\" data-element_type=\"column\" data-e-type=\"column\">\n\t\t\t<div class=\"elementor-widget-wrap elementor-element-populated\">\n\t\t\t\t\t\t<div class=\"elementor-element elementor-element-8d84ec9 elementor-widget elementor-widget-heading\" data-id=\"8d84ec9\" data-element_type=\"widget\" data-e-type=\"widget\" data-widget_type=\"heading.default\">\n\t\t\t\t<div class=\"elementor-widget-container\">\n\t\t\t\t\t<h2 class=\"elementor-heading-title elementor-size-default\">Contacto<\/h2>\t\t\t\t<\/div>\n\t\t\t\t<\/div>\n\t\t\t\t<div class=\"elementor-element elementor-element-1754dd5 elementor-widget elementor-widget-text-editor\" data-id=\"1754dd5\" data-element_type=\"widget\" data-e-type=\"widget\" data-widget_type=\"text-editor.default\">\n\t\t\t\t<div class=\"elementor-widget-container\">\n\t\t\t\t\t\t\t\t\t<p>C\u00f3mo te podemos ayudar<\/p>\t\t\t\t\t\t\t\t<\/div>\n\t\t\t\t<\/div>\n\t\t\t\t<div class=\"elementor-element elementor-element-3ce7f34 elementor-widget elementor-widget-htcontactform-addons\" data-id=\"3ce7f34\" data-element_type=\"widget\" data-e-type=\"widget\" data-widget_type=\"htcontactform-addons.default\">\n\t\t\t\t<div class=\"elementor-widget-container\">\n\t\t\t\t\t            <div class=\"htcontact-form-wrapper\" >\n                \n<div class=\"wpcf7 no-js\" id=\"wpcf7-f2964-o1\" lang=\"es-ES\" dir=\"ltr\" data-wpcf7-id=\"2964\">\n<div class=\"screen-reader-response\"><p role=\"status\" aria-live=\"polite\" aria-atomic=\"true\"><\/p> <ul><\/ul><\/div>\n<form action=\"\/kaymera\/wp-json\/wp\/v2\/pages\/2069#wpcf7-f2964-o1\" method=\"post\" class=\"wpcf7-form init\" aria-label=\"Formulario de contacto\" novalidate=\"novalidate\" data-status=\"init\">\n<fieldset class=\"hidden-fields-container\"><input type=\"hidden\" name=\"_wpcf7\" value=\"2964\" \/><input type=\"hidden\" name=\"_wpcf7_version\" value=\"6.1.5\" \/><input type=\"hidden\" name=\"_wpcf7_locale\" value=\"es_ES\" \/><input type=\"hidden\" name=\"_wpcf7_unit_tag\" value=\"wpcf7-f2964-o1\" \/><input type=\"hidden\" name=\"_wpcf7_container_post\" value=\"0\" \/><input type=\"hidden\" name=\"_wpcf7_posted_data_hash\" value=\"\" \/>\n<\/fieldset>\n<p><span class=\"wpcf7-form-control-wrap\" data-name=\"your-name\"><input size=\"40\" maxlength=\"400\" class=\"wpcf7-form-control wpcf7-text wpcf7-validates-as-required\" aria-required=\"true\" aria-invalid=\"false\" placeholder=\"Nombre*\" value=\"\" type=\"text\" name=\"your-name\" \/><\/span>\n<\/p>\n<p><span class=\"wpcf7-form-control-wrap\" data-name=\"your-email\"><input size=\"40\" maxlength=\"400\" class=\"wpcf7-form-control wpcf7-email wpcf7-validates-as-required wpcf7-text wpcf7-validates-as-email\" aria-required=\"true\" aria-invalid=\"false\" placeholder=\"Email*\" value=\"\" type=\"email\" name=\"your-email\" \/><\/span>\n<\/p>\n<p><span class=\"wpcf7-form-control-wrap intl_tel-635\"><input class=\"wpcf7-form-control wpcf7-intl_tel wpcf7-validates-as-required wpcf7-intl-tel\" aria-required=\"true\" aria-invalid=\"false\" data-initialcountry=\"mx\" value=\"\" type=\"tel\" name=\"intl_tel-635-cf7it-national\" \/><input name=\"intl_tel-635\" type=\"hidden\" class=\"wpcf7-intl-tel-full\" \/><input type=\"hidden\" name=\"intl_tel-635-cf7it-country-name\" class=\"wpcf7-intl-tel-country-name\" \/><input type=\"hidden\" name=\"intl_tel-635-cf7it-country-code\" class=\"wpcf7-intl-tel-country-code\" \/><input type=\"hidden\" name=\"intl_tel-635-cf7it-country-iso2\" class=\"wpcf7-intl-tel-country-iso2\" \/><\/span>\n<\/p>\n<p><span class=\"wpcf7-form-control-wrap\" data-name=\"text-128\"><input size=\"40\" maxlength=\"400\" class=\"wpcf7-form-control wpcf7-text\" aria-invalid=\"false\" value=\"Empresa\" type=\"text\" name=\"text-128\" \/><\/span>\n<\/p>\n<p><span class=\"wpcf7-form-control-wrap\" data-name=\"textarea-374\"><textarea cols=\"40\" rows=\"10\" maxlength=\"2000\" class=\"wpcf7-form-control wpcf7-textarea\" aria-invalid=\"false\" name=\"textarea-374\">Mensaje<\/textarea><\/span>\n<\/p>\n<p><span class=\"wpcf7-form-control-wrap\" data-name=\"acceptance-651\"><span class=\"wpcf7-form-control wpcf7-acceptance\"><span class=\"wpcf7-list-item\"><label><input type=\"checkbox\" name=\"acceptance-651\" value=\"1\" aria-invalid=\"false\" \/><span class=\"wpcf7-list-item-label\">Acepto t\u00e9rminos y condiciones<\/span><\/label><\/span><\/span><\/span>\n<\/p>\n<p><input class=\"wpcf7-form-control wpcf7-submit has-spinner\" type=\"submit\" value=\"Contacta ahora\" \/>\n<\/p>\n<style>.wpcf7-form input[type=\"text\"], input[type=\"email\"], input[type=\"url\"], input[type=\"password\"], input[type=\"search\"], input[type=\"number\"], input[type=\"tel\"], input[type=\"range\"], input[type=\"date\"], input[type=\"month\"], input[type=\"week\"], input[type=\"time\"], input[type=\"datetime\"], input[type=\"datetime-local\"], input[type=\"color\"], select, textarea {width:100% !important;}\n<\/style><div class=\"wpcf7-response-output\" aria-hidden=\"true\"><\/div>\n<\/form>\n<\/div>\n            <\/div>\n\n        \t\t\t\t<\/div>\n\t\t\t\t<\/div>\n\t\t\t\t\t<\/div>\n\t\t<\/div>\n\t\t\t\t\t<\/div>\n\t\t<\/section>\n\t\t\t\t\t<\/div>\n\t\t<\/div>\n\t\t\t\t\t<\/div>\n\t\t<\/section>\n\t\t\t\t<section class=\"has_eae_slider elementor-section elementor-top-section elementor-element elementor-element-55d527b elementor-section-boxed elementor-section-height-default elementor-section-height-default\" data-eae-slider=\"25003\" data-id=\"55d527b\" data-element_type=\"section\" data-e-type=\"section\">\n\t\t\t\t\t\t<div class=\"elementor-container elementor-column-gap-default\">\n\t\t\t\t\t<div class=\"has_eae_slider elementor-column elementor-col-100 elementor-top-column elementor-element elementor-element-f48011a\" data-eae-slider=\"43003\" data-id=\"f48011a\" data-element_type=\"column\" data-e-type=\"column\">\n\t\t\t<div class=\"elementor-widget-wrap elementor-element-populated\">\n\t\t\t\t\t\t<div class=\"elementor-element elementor-element-b452adb elementor-widget elementor-widget-spacer\" data-id=\"b452adb\" data-element_type=\"widget\" data-e-type=\"widget\" data-widget_type=\"spacer.default\">\n\t\t\t\t<div class=\"elementor-widget-container\">\n\t\t\t\t\t\t\t<div class=\"elementor-spacer\">\n\t\t\t<div class=\"elementor-spacer-inner\"><\/div>\n\t\t<\/div>\n\t\t\t\t\t\t<\/div>\n\t\t\t\t<\/div>\n\t\t\t\t\t<\/div>\n\t\t<\/div>\n\t\t\t\t\t<\/div>\n\t\t<\/section>\n\t\t\t\t<\/div>\n\t\t","protected":false},"excerpt":{"rendered":"<p>CONTACTO Estamos aqu\u00ed para asegurarnos\u00a0que su comunicaci\u00f3n e informaci\u00f3n\u00a0no caiga en malas manos HQ M\u00e9xico HQ I M\u00e9xico Corporativo Vical, Joselillo # 6A , Piso 1, Desp. 104, Col. El Parque, C.P. 53398. Naucalpan, Estado de M\u00e9xico, M\u00e9xico. oficina: +52 (55) 6792-7312email: kaymera@invezt.co Contacto C\u00f3mo te podemos ayudar Mensaje Acepto t\u00e9rminos y condiciones<\/p>\n","protected":false},"author":1,"featured_media":0,"parent":0,"menu_order":0,"comment_status":"closed","ping_status":"closed","template":"elementor_header_footer","meta":{"neve_meta_sidebar":"full-width","neve_meta_container":"","neve_meta_enable_content_width":"on","neve_meta_content_width":100,"neve_meta_title_alignment":"","neve_meta_author_avatar":"","neve_post_elements_order":"","neve_meta_disable_header":"","neve_meta_disable_footer":"","neve_meta_disable_title":"on","footnotes":""},"class_list":["post-2069","page","type-page","status-publish","hentry"],"yoast_head":"<!-- This site is optimized with the Yoast SEO plugin v27.1.1 - https:\/\/yoast.com\/product\/yoast-seo-wordpress\/ -->\n<title>Contacto - Kaymera<\/title>\n<meta name=\"robots\" content=\"index, follow, max-snippet:-1, max-image-preview:large, max-video-preview:-1\" \/>\n<link rel=\"canonical\" href=\"https:\/\/invezt.co\/kaymera\/contacto\/\" \/>\n<meta property=\"og:locale\" content=\"es_ES\" \/>\n<meta property=\"og:type\" content=\"article\" \/>\n<meta property=\"og:title\" content=\"Contacto - Kaymera\" \/>\n<meta property=\"og:description\" content=\"CONTACTO Estamos aqu\u00ed para asegurarnos\u00a0que su comunicaci\u00f3n e informaci\u00f3n\u00a0no caiga en malas manos HQ M\u00e9xico HQ I M\u00e9xico Corporativo Vical, Joselillo # 6A , Piso 1, Desp. 104, Col. El Parque, C.P. 53398. Naucalpan, Estado de M\u00e9xico, M\u00e9xico. oficina: +52 (55) 6792-7312email: kaymera@invezt.co Contacto C\u00f3mo te podemos ayudar Mensaje Acepto t\u00e9rminos y condiciones\" \/>\n<meta property=\"og:url\" content=\"https:\/\/invezt.co\/kaymera\/contacto\/\" \/>\n<meta property=\"og:site_name\" content=\"Kaymera\" \/>\n<meta property=\"article:modified_time\" content=\"2022-03-31T04:05:16+00:00\" \/>\n<meta name=\"twitter:card\" content=\"summary_large_image\" \/>\n<meta name=\"twitter:label1\" content=\"Tiempo de lectura\" \/>\n\t<meta name=\"twitter:data1\" content=\"1 minuto\" \/>\n<script type=\"application\/ld+json\" class=\"yoast-schema-graph\">{\"@context\":\"https:\/\/schema.org\",\"@graph\":[{\"@type\":\"WebPage\",\"@id\":\"https:\/\/invezt.co\/kaymera\/contacto\/\",\"url\":\"https:\/\/invezt.co\/kaymera\/contacto\/\",\"name\":\"Contacto - Kaymera\",\"isPartOf\":{\"@id\":\"https:\/\/invezt.co\/kaymera\/#website\"},\"datePublished\":\"2020-08-22T02:55:25+00:00\",\"dateModified\":\"2022-03-31T04:05:16+00:00\",\"breadcrumb\":{\"@id\":\"https:\/\/invezt.co\/kaymera\/contacto\/#breadcrumb\"},\"inLanguage\":\"es\",\"potentialAction\":[{\"@type\":\"ReadAction\",\"target\":[\"https:\/\/invezt.co\/kaymera\/contacto\/\"]}]},{\"@type\":\"BreadcrumbList\",\"@id\":\"https:\/\/invezt.co\/kaymera\/contacto\/#breadcrumb\",\"itemListElement\":[{\"@type\":\"ListItem\",\"position\":1,\"name\":\"Portada\",\"item\":\"https:\/\/invezt.co\/kaymera\/\"},{\"@type\":\"ListItem\",\"position\":2,\"name\":\"Contacto\"}]},{\"@type\":\"WebSite\",\"@id\":\"https:\/\/invezt.co\/kaymera\/#website\",\"url\":\"https:\/\/invezt.co\/kaymera\/\",\"name\":\"Kaymera\",\"description\":\"High-end mobile security\",\"publisher\":{\"@id\":\"https:\/\/invezt.co\/kaymera\/#organization\"},\"potentialAction\":[{\"@type\":\"SearchAction\",\"target\":{\"@type\":\"EntryPoint\",\"urlTemplate\":\"https:\/\/invezt.co\/kaymera\/?s={search_term_string}\"},\"query-input\":{\"@type\":\"PropertyValueSpecification\",\"valueRequired\":true,\"valueName\":\"search_term_string\"}}],\"inLanguage\":\"es\"},{\"@type\":\"Organization\",\"@id\":\"https:\/\/invezt.co\/kaymera\/#organization\",\"name\":\"Kaymera By Invezt.co\",\"url\":\"https:\/\/invezt.co\/kaymera\/\",\"logo\":{\"@type\":\"ImageObject\",\"inLanguage\":\"es\",\"@id\":\"https:\/\/invezt.co\/kaymera\/#\/schema\/logo\/image\/\",\"url\":\"https:\/\/invezt.co\/kaymera\/wp-content\/uploads\/2022\/04\/cropped-favicon-1.png\",\"contentUrl\":\"https:\/\/invezt.co\/kaymera\/wp-content\/uploads\/2022\/04\/cropped-favicon-1.png\",\"width\":512,\"height\":512,\"caption\":\"Kaymera By Invezt.co\"},\"image\":{\"@id\":\"https:\/\/invezt.co\/kaymera\/#\/schema\/logo\/image\/\"}}]}<\/script>\n<!-- \/ Yoast SEO plugin. -->","yoast_head_json":{"title":"Contacto - Kaymera","robots":{"index":"index","follow":"follow","max-snippet":"max-snippet:-1","max-image-preview":"max-image-preview:large","max-video-preview":"max-video-preview:-1"},"canonical":"https:\/\/invezt.co\/kaymera\/contacto\/","og_locale":"es_ES","og_type":"article","og_title":"Contacto - Kaymera","og_description":"CONTACTO Estamos aqu\u00ed para asegurarnos\u00a0que su comunicaci\u00f3n e informaci\u00f3n\u00a0no caiga en malas manos HQ M\u00e9xico HQ I M\u00e9xico Corporativo Vical, Joselillo # 6A , Piso 1, Desp. 104, Col. El Parque, C.P. 53398. Naucalpan, Estado de M\u00e9xico, M\u00e9xico. oficina: +52 (55) 6792-7312email: kaymera@invezt.co Contacto C\u00f3mo te podemos ayudar Mensaje Acepto t\u00e9rminos y condiciones","og_url":"https:\/\/invezt.co\/kaymera\/contacto\/","og_site_name":"Kaymera","article_modified_time":"2022-03-31T04:05:16+00:00","twitter_card":"summary_large_image","twitter_misc":{"Tiempo de lectura":"1 minuto"},"schema":{"@context":"https:\/\/schema.org","@graph":[{"@type":"WebPage","@id":"https:\/\/invezt.co\/kaymera\/contacto\/","url":"https:\/\/invezt.co\/kaymera\/contacto\/","name":"Contacto - Kaymera","isPartOf":{"@id":"https:\/\/invezt.co\/kaymera\/#website"},"datePublished":"2020-08-22T02:55:25+00:00","dateModified":"2022-03-31T04:05:16+00:00","breadcrumb":{"@id":"https:\/\/invezt.co\/kaymera\/contacto\/#breadcrumb"},"inLanguage":"es","potentialAction":[{"@type":"ReadAction","target":["https:\/\/invezt.co\/kaymera\/contacto\/"]}]},{"@type":"BreadcrumbList","@id":"https:\/\/invezt.co\/kaymera\/contacto\/#breadcrumb","itemListElement":[{"@type":"ListItem","position":1,"name":"Portada","item":"https:\/\/invezt.co\/kaymera\/"},{"@type":"ListItem","position":2,"name":"Contacto"}]},{"@type":"WebSite","@id":"https:\/\/invezt.co\/kaymera\/#website","url":"https:\/\/invezt.co\/kaymera\/","name":"Kaymera","description":"High-end mobile security","publisher":{"@id":"https:\/\/invezt.co\/kaymera\/#organization"},"potentialAction":[{"@type":"SearchAction","target":{"@type":"EntryPoint","urlTemplate":"https:\/\/invezt.co\/kaymera\/?s={search_term_string}"},"query-input":{"@type":"PropertyValueSpecification","valueRequired":true,"valueName":"search_term_string"}}],"inLanguage":"es"},{"@type":"Organization","@id":"https:\/\/invezt.co\/kaymera\/#organization","name":"Kaymera By Invezt.co","url":"https:\/\/invezt.co\/kaymera\/","logo":{"@type":"ImageObject","inLanguage":"es","@id":"https:\/\/invezt.co\/kaymera\/#\/schema\/logo\/image\/","url":"https:\/\/invezt.co\/kaymera\/wp-content\/uploads\/2022\/04\/cropped-favicon-1.png","contentUrl":"https:\/\/invezt.co\/kaymera\/wp-content\/uploads\/2022\/04\/cropped-favicon-1.png","width":512,"height":512,"caption":"Kaymera By Invezt.co"},"image":{"@id":"https:\/\/invezt.co\/kaymera\/#\/schema\/logo\/image\/"}}]}},"_links":{"self":[{"href":"https:\/\/invezt.co\/kaymera\/wp-json\/wp\/v2\/pages\/2069","targetHints":{"allow":["GET"]}}],"collection":[{"href":"https:\/\/invezt.co\/kaymera\/wp-json\/wp\/v2\/pages"}],"about":[{"href":"https:\/\/invezt.co\/kaymera\/wp-json\/wp\/v2\/types\/page"}],"author":[{"embeddable":true,"href":"https:\/\/invezt.co\/kaymera\/wp-json\/wp\/v2\/users\/1"}],"replies":[{"embeddable":true,"href":"https:\/\/invezt.co\/kaymera\/wp-json\/wp\/v2\/comments?post=2069"}],"version-history":[{"count":0,"href":"https:\/\/invezt.co\/kaymera\/wp-json\/wp\/v2\/pages\/2069\/revisions"}],"wp:attachment":[{"href":"https:\/\/invezt.co\/kaymera\/wp-json\/wp\/v2\/media?parent=2069"}],"curies":[{"name":"wp","href":"https:\/\/api.w.org\/{rel}","templated":true}]}}