{"id":2065,"date":"2020-08-21T05:35:48","date_gmt":"2020-08-21T05:35:48","guid":{"rendered":"https:\/\/invezt.co\/kaymera\/?page_id=249"},"modified":"2020-08-21T05:35:48","modified_gmt":"2020-08-21T05:35:48","slug":"gobierno","status":"publish","type":"page","link":"https:\/\/invezt.co\/kaymera\/gobierno\/","title":{"rendered":"Gobierno"},"content":{"rendered":"\t\t<div data-elementor-type=\"wp-page\" data-elementor-id=\"2065\" class=\"elementor elementor-2065\">\n\t\t\t\t\t\t<section class=\"has_eae_slider elementor-section elementor-top-section elementor-element elementor-element-2da52d5a elementor-section-boxed elementor-section-height-default elementor-section-height-default\" data-eae-slider=\"88766\" data-id=\"2da52d5a\" data-element_type=\"section\" data-e-type=\"section\">\n\t\t\t\t\t\t<div class=\"elementor-container elementor-column-gap-default\">\n\t\t\t\t\t<div class=\"has_eae_slider elementor-column elementor-col-100 elementor-top-column elementor-element elementor-element-50849cad\" data-eae-slider=\"59540\" data-id=\"50849cad\" data-element_type=\"column\" data-e-type=\"column\">\n\t\t\t<div class=\"elementor-widget-wrap elementor-element-populated\">\n\t\t\t\t\t\t<div class=\"elementor-element elementor-element-1f874805 elementor-widget elementor-widget-shortcode\" data-id=\"1f874805\" data-element_type=\"widget\" data-e-type=\"widget\" data-widget_type=\"shortcode.default\">\n\t\t\t\t<div class=\"elementor-widget-container\">\n\t\t\t\t\t\t\t<div class=\"elementor-shortcode\"><span class=\"nv--yoast-breadcrumb neve-breadcrumbs-wrapper\" style=\"font-size:0.8em; text-decoration:none;\"><span><span><a href=\"https:\/\/invezt.co\/kaymera\/\">Portada<\/a><\/span><\/span><\/span><\/div>\n\t\t\t\t\t\t<\/div>\n\t\t\t\t<\/div>\n\t\t\t\t\t<\/div>\n\t\t<\/div>\n\t\t\t\t\t<\/div>\n\t\t<\/section>\n\t\t\t\t<section class=\"has_eae_slider elementor-section elementor-top-section elementor-element elementor-element-4501392 elementor-section-height-min-height elementor-section-boxed elementor-section-height-default elementor-section-items-middle\" data-eae-slider=\"14787\" data-id=\"4501392\" data-element_type=\"section\" data-e-type=\"section\" data-settings=\"{&quot;background_background&quot;:&quot;classic&quot;}\">\n\t\t\t\t\t\t<div class=\"elementor-container elementor-column-gap-default\">\n\t\t\t\t\t<div class=\"has_eae_slider elementor-column elementor-col-100 elementor-top-column elementor-element elementor-element-ec4b57c\" data-eae-slider=\"88278\" data-id=\"ec4b57c\" data-element_type=\"column\" data-e-type=\"column\">\n\t\t\t<div class=\"elementor-widget-wrap elementor-element-populated\">\n\t\t\t\t\t\t<div class=\"elementor-element elementor-element-3014d13 elementor-widget elementor-widget-heading\" data-id=\"3014d13\" data-element_type=\"widget\" data-e-type=\"widget\" data-widget_type=\"heading.default\">\n\t\t\t\t<div class=\"elementor-widget-container\">\n\t\t\t\t\t<h2 class=\"elementor-heading-title elementor-size-default\">Gobierno<\/h2>\t\t\t\t<\/div>\n\t\t\t\t<\/div>\n\t\t\t\t\t<\/div>\n\t\t<\/div>\n\t\t\t\t\t<\/div>\n\t\t<\/section>\n\t\t\t\t<section class=\"has_eae_slider elementor-section elementor-top-section elementor-element elementor-element-4fbbe7e8 elementor-section-boxed elementor-section-height-default elementor-section-height-default\" data-eae-slider=\"63825\" data-id=\"4fbbe7e8\" data-element_type=\"section\" data-e-type=\"section\">\n\t\t\t\t\t\t<div class=\"elementor-container elementor-column-gap-default\">\n\t\t\t\t\t<div class=\"has_eae_slider elementor-column elementor-col-100 elementor-top-column elementor-element elementor-element-19861dbe\" data-eae-slider=\"10500\" data-id=\"19861dbe\" data-element_type=\"column\" data-e-type=\"column\">\n\t\t\t<div class=\"elementor-widget-wrap elementor-element-populated\">\n\t\t\t\t\t\t<div class=\"elementor-element elementor-element-71a6ecaf elementor-widget-divider--view-line elementor-widget elementor-widget-divider\" data-id=\"71a6ecaf\" data-element_type=\"widget\" data-e-type=\"widget\" data-widget_type=\"divider.default\">\n\t\t\t\t<div class=\"elementor-widget-container\">\n\t\t\t\t\t\t\t<div class=\"elementor-divider\">\n\t\t\t<span class=\"elementor-divider-separator\">\n\t\t\t\t\t\t<\/span>\n\t\t<\/div>\n\t\t\t\t\t\t<\/div>\n\t\t\t\t<\/div>\n\t\t\t\t<div class=\"elementor-element elementor-element-490beff0 elementor-widget elementor-widget-heading\" data-id=\"490beff0\" data-element_type=\"widget\" data-e-type=\"widget\" data-widget_type=\"heading.default\">\n\t\t\t\t<div class=\"elementor-widget-container\">\n\t\t\t\t\t<h4 class=\"elementor-heading-title elementor-size-default\">LA L\u00cdNEA DE FONDO<\/h4>\t\t\t\t<\/div>\n\t\t\t\t<\/div>\n\t\t\t\t<div class=\"elementor-element elementor-element-5e59e6d8 elementor-widget-divider--view-line_text elementor-widget-divider--element-align-center elementor-widget elementor-widget-divider\" data-id=\"5e59e6d8\" data-element_type=\"widget\" data-e-type=\"widget\" data-widget_type=\"divider.default\">\n\t\t\t\t<div class=\"elementor-widget-container\">\n\t\t\t\t\t\t\t<div class=\"elementor-divider\">\n\t\t\t<span class=\"elementor-divider-separator\">\n\t\t\t\t\t\t<\/span>\n\t\t<\/div>\n\t\t\t\t\t\t<\/div>\n\t\t\t\t<\/div>\n\t\t\t\t<div class=\"elementor-element elementor-element-4b9d9a4a elementor-widget elementor-widget-text-editor\" data-id=\"4b9d9a4a\" data-element_type=\"widget\" data-e-type=\"widget\" data-widget_type=\"text-editor.default\">\n\t\t\t\t<div class=\"elementor-widget-container\">\n\t\t\t\t\t\t\t\t\t<p align=\"justify\"><span style=\"text-align: start;\">El negocio del gobierno requiere la confianza de los electores. Incumbe a los funcionarios del gobierno tomar todas las medidas imaginables para garantizar la privacidad de sus comunicaciones m\u00f3viles, no sea que las operaciones cr\u00edticas y las negociaciones de pol\u00edticas se vean comprometidas.<\/span><\/p>\t\t\t\t\t\t\t\t<\/div>\n\t\t\t\t<\/div>\n\t\t\t\t<div class=\"elementor-element elementor-element-274dcc16 elementor-widget elementor-widget-heading\" data-id=\"274dcc16\" data-element_type=\"widget\" data-e-type=\"widget\" data-widget_type=\"heading.default\">\n\t\t\t\t<div class=\"elementor-widget-container\">\n\t\t\t\t\t<h4 class=\"elementor-heading-title elementor-size-default\">EL RETO<\/h4>\t\t\t\t<\/div>\n\t\t\t\t<\/div>\n\t\t\t\t<div class=\"elementor-element elementor-element-312e3028 elementor-widget-divider--view-line_text elementor-widget-divider--element-align-center elementor-widget elementor-widget-divider\" data-id=\"312e3028\" data-element_type=\"widget\" data-e-type=\"widget\" data-widget_type=\"divider.default\">\n\t\t\t\t<div class=\"elementor-widget-container\">\n\t\t\t\t\t\t\t<div class=\"elementor-divider\">\n\t\t\t<span class=\"elementor-divider-separator\">\n\t\t\t\t\t\t<\/span>\n\t\t<\/div>\n\t\t\t\t\t\t<\/div>\n\t\t\t\t<\/div>\n\t\t\t\t<div class=\"elementor-element elementor-element-6f51b86a elementor-widget elementor-widget-text-editor\" data-id=\"6f51b86a\" data-element_type=\"widget\" data-e-type=\"widget\" data-widget_type=\"text-editor.default\">\n\t\t\t\t<div class=\"elementor-widget-container\">\n\t\t\t\t\t\t\t\t\t<p align=\"justify\">Gobernar una naci\u00f3n, un estado o una comunidad requiere una comunicaci\u00f3n constante, ya sea entre dos o m\u00e1s miembros del gobierno o entre funcionarios del gobierno y sus electores. La protecci\u00f3n de los secretos gubernamentales y la informaci\u00f3n confidencial es de suma importancia y la seguridad de esta informaci\u00f3n cr\u00edtica es un compromiso que exige lo mejor de todos los involucrados. Eso, a su vez, requiere la seguridad absoluta de las comunicaciones que son una parte diaria de las operaciones gubernamentales. El entrenamiento y la diligencia no son suficientes. Aquellos encargados del flujo eficiente y seguro de las operaciones gubernamentales necesitan las \u00faltimas tecnolog\u00edas y herramientas para garantizar que sus comunicaciones sean 100% seguras contra intrusiones y compromisos.<\/p>\t\t\t\t\t\t\t\t<\/div>\n\t\t\t\t<\/div>\n\t\t\t\t<div class=\"elementor-element elementor-element-63e3409e elementor-widget elementor-widget-heading\" data-id=\"63e3409e\" data-element_type=\"widget\" data-e-type=\"widget\" data-widget_type=\"heading.default\">\n\t\t\t\t<div class=\"elementor-widget-container\">\n\t\t\t\t\t<h4 class=\"elementor-heading-title elementor-size-default\">LA OPORTUNIDAD<\/h4>\t\t\t\t<\/div>\n\t\t\t\t<\/div>\n\t\t\t\t<div class=\"elementor-element elementor-element-6cefeb9d elementor-widget-divider--view-line_text elementor-widget-divider--element-align-center elementor-widget elementor-widget-divider\" data-id=\"6cefeb9d\" data-element_type=\"widget\" data-e-type=\"widget\" data-widget_type=\"divider.default\">\n\t\t\t\t<div class=\"elementor-widget-container\">\n\t\t\t\t\t\t\t<div class=\"elementor-divider\">\n\t\t\t<span class=\"elementor-divider-separator\">\n\t\t\t\t\t\t<\/span>\n\t\t<\/div>\n\t\t\t\t\t\t<\/div>\n\t\t\t\t<\/div>\n\t\t\t\t<div class=\"elementor-element elementor-element-836c225 elementor-widget elementor-widget-text-editor\" data-id=\"836c225\" data-element_type=\"widget\" data-e-type=\"widget\" data-widget_type=\"text-editor.default\">\n\t\t\t\t<div class=\"elementor-widget-container\">\n\t\t\t\t\t\t\t\t\t<p align=\"justify\">Ya sea que se trate de un proyecto de ley del Congreso o la negociaci\u00f3n de un contrato de servicio p\u00fablico, los miles de profesionales que administran el gobierno y la infraestructura de la naci\u00f3n est\u00e1n en constante comunicaci\u00f3n entre s\u00ed: personas capacitadas y dedicadas que necesitan la seguridad de que su informaci\u00f3n m\u00e1s sensible est\u00e1 disponible solo para aquellos que la necesitan saber. Y eso significa asegurarse de que ning\u00fan tercero no autorizado est\u00e9 escuchando. Aqu\u00ed es donde\u00a0<span style=\"font-weight: bold;\">KAYMERA<\/span>\u00a0entra en escena.<\/p>\t\t\t\t\t\t\t\t<\/div>\n\t\t\t\t<\/div>\n\t\t\t\t<div class=\"elementor-element elementor-element-ef88d18 elementor-widget elementor-widget-heading\" data-id=\"ef88d18\" data-element_type=\"widget\" data-e-type=\"widget\" data-widget_type=\"heading.default\">\n\t\t\t\t<div class=\"elementor-widget-container\">\n\t\t\t\t\t<h4 class=\"elementor-heading-title elementor-size-default\">LA SOLUCI\u00d3N<\/h4>\t\t\t\t<\/div>\n\t\t\t\t<\/div>\n\t\t\t\t<div class=\"elementor-element elementor-element-f4e0bfe elementor-widget-divider--view-line_text elementor-widget-divider--element-align-center elementor-widget elementor-widget-divider\" data-id=\"f4e0bfe\" data-element_type=\"widget\" data-e-type=\"widget\" data-widget_type=\"divider.default\">\n\t\t\t\t<div class=\"elementor-widget-container\">\n\t\t\t\t\t\t\t<div class=\"elementor-divider\">\n\t\t\t<span class=\"elementor-divider-separator\">\n\t\t\t\t\t\t<\/span>\n\t\t<\/div>\n\t\t\t\t\t\t<\/div>\n\t\t\t\t<\/div>\n\t\t\t\t<div class=\"elementor-element elementor-element-41d767e elementor-widget elementor-widget-text-editor\" data-id=\"41d767e\" data-element_type=\"widget\" data-e-type=\"widget\" data-widget_type=\"text-editor.default\">\n\t\t\t\t<div class=\"elementor-widget-container\">\n\t\t\t\t\t\t\t\t\t<p align=\"justify\"><span style=\"text-align: start;\">Existe una, y solo una, verdadera soluci\u00f3n de extremo a extremo para este desaf\u00edo, el sistema de cifrado m\u00f3vil de\u00a0<\/span><span style=\"font-weight: bold; text-align: start;\">KAYMERA<\/span><span style=\"text-align: start;\">. Ya sean pol\u00edticos, empleados o administradores, equipar el tel\u00e9fono m\u00f3vil existente de cada funcionario gubernamental con la plataforma de\u00a0<\/span><span style=\"font-weight: bold; text-align: start;\">KAYMERA<\/span><span style=\"text-align: start;\">\u00a0garantiza que la informaci\u00f3n m\u00e1s sensible del pa\u00eds est\u00e9 protegida de miradas y o\u00eddos indiscretos. El sistema es f\u00e1cil de instalar y aprender, y funciona con los tel\u00e9fonos m\u00f3viles inteligentes que ya utilizan los representantes gubernamentales.<\/span><\/p>\t\t\t\t\t\t\t\t<\/div>\n\t\t\t\t<\/div>\n\t\t\t\t\t<\/div>\n\t\t<\/div>\n\t\t\t\t\t<\/div>\n\t\t<\/section>\n\t\t\t\t<section class=\"has_eae_slider elementor-section elementor-top-section elementor-element elementor-element-638f7409 elementor-section-content-middle elementor-section-boxed elementor-section-height-default elementor-section-height-default\" data-eae-slider=\"66506\" data-id=\"638f7409\" data-element_type=\"section\" data-e-type=\"section\" data-settings=\"{&quot;background_background&quot;:&quot;classic&quot;}\">\n\t\t\t\t\t\t<div class=\"elementor-container elementor-column-gap-no\">\n\t\t\t\t\t<div class=\"has_eae_slider elementor-column elementor-col-100 elementor-top-column elementor-element elementor-element-46e56f12\" data-eae-slider=\"34277\" data-id=\"46e56f12\" data-element_type=\"column\" data-e-type=\"column\">\n\t\t\t<div class=\"elementor-widget-wrap elementor-element-populated\">\n\t\t\t\t\t\t<div class=\"elementor-element elementor-element-418ffef6 elementor-widget elementor-widget-heading\" data-id=\"418ffef6\" data-element_type=\"widget\" data-e-type=\"widget\" data-widget_type=\"heading.default\">\n\t\t\t\t<div class=\"elementor-widget-container\">\n\t\t\t\t\t<h2 class=\"elementor-heading-title elementor-size-default\">\u00bfRequieres m\u00e1s informaci\u00f3n?<\/h2>\t\t\t\t<\/div>\n\t\t\t\t<\/div>\n\t\t\t\t<div class=\"elementor-element elementor-element-28149656 elementor-align-center elementor-widget elementor-widget-button\" data-id=\"28149656\" data-element_type=\"widget\" data-e-type=\"widget\" data-widget_type=\"button.default\">\n\t\t\t\t<div class=\"elementor-widget-container\">\n\t\t\t\t\t\t\t\t\t<div class=\"elementor-button-wrapper\">\n\t\t\t\t\t<a class=\"elementor-button elementor-button-link elementor-size-sm elementor-animation-grow\" href=\"https:\/\/invezt.co\/kaymera\/es\/contacto\/\">\n\t\t\t\t\t\t<span class=\"elementor-button-content-wrapper\">\n\t\t\t\t\t\t\t\t\t<span class=\"elementor-button-text\">Cont\u00e1ctenos<\/span>\n\t\t\t\t\t<\/span>\n\t\t\t\t\t<\/a>\n\t\t\t\t<\/div>\n\t\t\t\t\t\t\t\t<\/div>\n\t\t\t\t<\/div>\n\t\t\t\t\t<\/div>\n\t\t<\/div>\n\t\t\t\t\t<\/div>\n\t\t<\/section>\n\t\t\t\t<\/div>\n\t\t","protected":false},"excerpt":{"rendered":"<p>Gobierno LA L\u00cdNEA DE FONDO El negocio del gobierno requiere la confianza de los electores. Incumbe a los funcionarios del gobierno tomar todas las medidas imaginables para garantizar la privacidad de sus comunicaciones m\u00f3viles, no sea que las operaciones cr\u00edticas y las negociaciones de pol\u00edticas se vean comprometidas. EL RETO Gobernar una naci\u00f3n, un estado&hellip;&nbsp;<a href=\"https:\/\/invezt.co\/kaymera\/gobierno\/\" rel=\"bookmark\">Leer m\u00e1s &raquo;<span class=\"screen-reader-text\">Gobierno<\/span><\/a><\/p>\n","protected":false},"author":1,"featured_media":476,"parent":0,"menu_order":0,"comment_status":"closed","ping_status":"closed","template":"","meta":{"neve_meta_sidebar":"full-width","neve_meta_container":"","neve_meta_enable_content_width":"on","neve_meta_content_width":100,"neve_meta_title_alignment":"","neve_meta_author_avatar":"","neve_post_elements_order":"","neve_meta_disable_header":"","neve_meta_disable_footer":"","neve_meta_disable_title":"on","footnotes":""},"class_list":["post-2065","page","type-page","status-publish","has-post-thumbnail","hentry"],"yoast_head":"<!-- This site is optimized with the Yoast SEO plugin v27.1.1 - https:\/\/yoast.com\/product\/yoast-seo-wordpress\/ -->\n<title>Gobierno - Kaymera<\/title>\n<meta name=\"robots\" content=\"index, follow, max-snippet:-1, max-image-preview:large, max-video-preview:-1\" \/>\n<link rel=\"canonical\" href=\"https:\/\/invezt.co\/kaymera\/gobierno\/\" \/>\n<meta property=\"og:locale\" content=\"es_ES\" \/>\n<meta property=\"og:type\" content=\"article\" \/>\n<meta property=\"og:title\" content=\"Gobierno - Kaymera\" \/>\n<meta property=\"og:description\" content=\"Gobierno LA L\u00cdNEA DE FONDO El negocio del gobierno requiere la confianza de los electores. Incumbe a los funcionarios del gobierno tomar todas las medidas imaginables para garantizar la privacidad de sus comunicaciones m\u00f3viles, no sea que las operaciones cr\u00edticas y las negociaciones de pol\u00edticas se vean comprometidas. EL RETO Gobernar una naci\u00f3n, un estado&hellip;&nbsp;Leer m\u00e1s &raquo;Gobierno\" \/>\n<meta property=\"og:url\" content=\"https:\/\/invezt.co\/kaymera\/gobierno\/\" \/>\n<meta property=\"og:site_name\" content=\"Kaymera\" \/>\n<meta property=\"og:image\" content=\"https:\/\/invezt.co\/kaymera\/wp-content\/uploads\/2020\/08\/KaymeraSiteMX_gobierno.jpg\" \/>\n\t<meta property=\"og:image:width\" content=\"1450\" \/>\n\t<meta property=\"og:image:height\" content=\"400\" \/>\n\t<meta property=\"og:image:type\" content=\"image\/jpeg\" \/>\n<meta name=\"twitter:card\" content=\"summary_large_image\" \/>\n<meta name=\"twitter:label1\" content=\"Tiempo de lectura\" \/>\n\t<meta name=\"twitter:data1\" content=\"2 minutos\" \/>\n<script type=\"application\/ld+json\" class=\"yoast-schema-graph\">{\"@context\":\"https:\/\/schema.org\",\"@graph\":[{\"@type\":\"WebPage\",\"@id\":\"https:\/\/invezt.co\/kaymera\/gobierno\/\",\"url\":\"https:\/\/invezt.co\/kaymera\/gobierno\/\",\"name\":\"Gobierno - Kaymera\",\"isPartOf\":{\"@id\":\"https:\/\/invezt.co\/kaymera\/#website\"},\"primaryImageOfPage\":{\"@id\":\"https:\/\/invezt.co\/kaymera\/gobierno\/#primaryimage\"},\"image\":{\"@id\":\"https:\/\/invezt.co\/kaymera\/gobierno\/#primaryimage\"},\"thumbnailUrl\":\"https:\/\/invezt.co\/kaymera\/wp-content\/uploads\/2020\/08\/KaymeraSiteMX_gobierno.jpg\",\"datePublished\":\"2020-08-21T05:35:48+00:00\",\"breadcrumb\":{\"@id\":\"https:\/\/invezt.co\/kaymera\/gobierno\/#breadcrumb\"},\"inLanguage\":\"es\",\"potentialAction\":[{\"@type\":\"ReadAction\",\"target\":[\"https:\/\/invezt.co\/kaymera\/gobierno\/\"]}]},{\"@type\":\"ImageObject\",\"inLanguage\":\"es\",\"@id\":\"https:\/\/invezt.co\/kaymera\/gobierno\/#primaryimage\",\"url\":\"https:\/\/invezt.co\/kaymera\/wp-content\/uploads\/2020\/08\/KaymeraSiteMX_gobierno.jpg\",\"contentUrl\":\"https:\/\/invezt.co\/kaymera\/wp-content\/uploads\/2020\/08\/KaymeraSiteMX_gobierno.jpg\",\"width\":1450,\"height\":400},{\"@type\":\"BreadcrumbList\",\"@id\":\"https:\/\/invezt.co\/kaymera\/gobierno\/#breadcrumb\",\"itemListElement\":[{\"@type\":\"ListItem\",\"position\":1,\"name\":\"Portada\",\"item\":\"https:\/\/invezt.co\/kaymera\/\"},{\"@type\":\"ListItem\",\"position\":2,\"name\":\"Gobierno\"}]},{\"@type\":\"WebSite\",\"@id\":\"https:\/\/invezt.co\/kaymera\/#website\",\"url\":\"https:\/\/invezt.co\/kaymera\/\",\"name\":\"Kaymera\",\"description\":\"High-end mobile security\",\"publisher\":{\"@id\":\"https:\/\/invezt.co\/kaymera\/#organization\"},\"potentialAction\":[{\"@type\":\"SearchAction\",\"target\":{\"@type\":\"EntryPoint\",\"urlTemplate\":\"https:\/\/invezt.co\/kaymera\/?s={search_term_string}\"},\"query-input\":{\"@type\":\"PropertyValueSpecification\",\"valueRequired\":true,\"valueName\":\"search_term_string\"}}],\"inLanguage\":\"es\"},{\"@type\":\"Organization\",\"@id\":\"https:\/\/invezt.co\/kaymera\/#organization\",\"name\":\"Kaymera By Invezt.co\",\"url\":\"https:\/\/invezt.co\/kaymera\/\",\"logo\":{\"@type\":\"ImageObject\",\"inLanguage\":\"es\",\"@id\":\"https:\/\/invezt.co\/kaymera\/#\/schema\/logo\/image\/\",\"url\":\"https:\/\/invezt.co\/kaymera\/wp-content\/uploads\/2022\/04\/cropped-favicon-1.png\",\"contentUrl\":\"https:\/\/invezt.co\/kaymera\/wp-content\/uploads\/2022\/04\/cropped-favicon-1.png\",\"width\":512,\"height\":512,\"caption\":\"Kaymera By Invezt.co\"},\"image\":{\"@id\":\"https:\/\/invezt.co\/kaymera\/#\/schema\/logo\/image\/\"}}]}<\/script>\n<!-- \/ Yoast SEO plugin. -->","yoast_head_json":{"title":"Gobierno - Kaymera","robots":{"index":"index","follow":"follow","max-snippet":"max-snippet:-1","max-image-preview":"max-image-preview:large","max-video-preview":"max-video-preview:-1"},"canonical":"https:\/\/invezt.co\/kaymera\/gobierno\/","og_locale":"es_ES","og_type":"article","og_title":"Gobierno - Kaymera","og_description":"Gobierno LA L\u00cdNEA DE FONDO El negocio del gobierno requiere la confianza de los electores. Incumbe a los funcionarios del gobierno tomar todas las medidas imaginables para garantizar la privacidad de sus comunicaciones m\u00f3viles, no sea que las operaciones cr\u00edticas y las negociaciones de pol\u00edticas se vean comprometidas. EL RETO Gobernar una naci\u00f3n, un estado&hellip;&nbsp;Leer m\u00e1s &raquo;Gobierno","og_url":"https:\/\/invezt.co\/kaymera\/gobierno\/","og_site_name":"Kaymera","og_image":[{"width":1450,"height":400,"url":"https:\/\/invezt.co\/kaymera\/wp-content\/uploads\/2020\/08\/KaymeraSiteMX_gobierno.jpg","type":"image\/jpeg"}],"twitter_card":"summary_large_image","twitter_misc":{"Tiempo de lectura":"2 minutos"},"schema":{"@context":"https:\/\/schema.org","@graph":[{"@type":"WebPage","@id":"https:\/\/invezt.co\/kaymera\/gobierno\/","url":"https:\/\/invezt.co\/kaymera\/gobierno\/","name":"Gobierno - Kaymera","isPartOf":{"@id":"https:\/\/invezt.co\/kaymera\/#website"},"primaryImageOfPage":{"@id":"https:\/\/invezt.co\/kaymera\/gobierno\/#primaryimage"},"image":{"@id":"https:\/\/invezt.co\/kaymera\/gobierno\/#primaryimage"},"thumbnailUrl":"https:\/\/invezt.co\/kaymera\/wp-content\/uploads\/2020\/08\/KaymeraSiteMX_gobierno.jpg","datePublished":"2020-08-21T05:35:48+00:00","breadcrumb":{"@id":"https:\/\/invezt.co\/kaymera\/gobierno\/#breadcrumb"},"inLanguage":"es","potentialAction":[{"@type":"ReadAction","target":["https:\/\/invezt.co\/kaymera\/gobierno\/"]}]},{"@type":"ImageObject","inLanguage":"es","@id":"https:\/\/invezt.co\/kaymera\/gobierno\/#primaryimage","url":"https:\/\/invezt.co\/kaymera\/wp-content\/uploads\/2020\/08\/KaymeraSiteMX_gobierno.jpg","contentUrl":"https:\/\/invezt.co\/kaymera\/wp-content\/uploads\/2020\/08\/KaymeraSiteMX_gobierno.jpg","width":1450,"height":400},{"@type":"BreadcrumbList","@id":"https:\/\/invezt.co\/kaymera\/gobierno\/#breadcrumb","itemListElement":[{"@type":"ListItem","position":1,"name":"Portada","item":"https:\/\/invezt.co\/kaymera\/"},{"@type":"ListItem","position":2,"name":"Gobierno"}]},{"@type":"WebSite","@id":"https:\/\/invezt.co\/kaymera\/#website","url":"https:\/\/invezt.co\/kaymera\/","name":"Kaymera","description":"High-end mobile security","publisher":{"@id":"https:\/\/invezt.co\/kaymera\/#organization"},"potentialAction":[{"@type":"SearchAction","target":{"@type":"EntryPoint","urlTemplate":"https:\/\/invezt.co\/kaymera\/?s={search_term_string}"},"query-input":{"@type":"PropertyValueSpecification","valueRequired":true,"valueName":"search_term_string"}}],"inLanguage":"es"},{"@type":"Organization","@id":"https:\/\/invezt.co\/kaymera\/#organization","name":"Kaymera By Invezt.co","url":"https:\/\/invezt.co\/kaymera\/","logo":{"@type":"ImageObject","inLanguage":"es","@id":"https:\/\/invezt.co\/kaymera\/#\/schema\/logo\/image\/","url":"https:\/\/invezt.co\/kaymera\/wp-content\/uploads\/2022\/04\/cropped-favicon-1.png","contentUrl":"https:\/\/invezt.co\/kaymera\/wp-content\/uploads\/2022\/04\/cropped-favicon-1.png","width":512,"height":512,"caption":"Kaymera By Invezt.co"},"image":{"@id":"https:\/\/invezt.co\/kaymera\/#\/schema\/logo\/image\/"}}]}},"_links":{"self":[{"href":"https:\/\/invezt.co\/kaymera\/wp-json\/wp\/v2\/pages\/2065","targetHints":{"allow":["GET"]}}],"collection":[{"href":"https:\/\/invezt.co\/kaymera\/wp-json\/wp\/v2\/pages"}],"about":[{"href":"https:\/\/invezt.co\/kaymera\/wp-json\/wp\/v2\/types\/page"}],"author":[{"embeddable":true,"href":"https:\/\/invezt.co\/kaymera\/wp-json\/wp\/v2\/users\/1"}],"replies":[{"embeddable":true,"href":"https:\/\/invezt.co\/kaymera\/wp-json\/wp\/v2\/comments?post=2065"}],"version-history":[{"count":0,"href":"https:\/\/invezt.co\/kaymera\/wp-json\/wp\/v2\/pages\/2065\/revisions"}],"wp:featuredmedia":[{"embeddable":true,"href":"https:\/\/invezt.co\/kaymera\/wp-json\/wp\/v2\/media\/476"}],"wp:attachment":[{"href":"https:\/\/invezt.co\/kaymera\/wp-json\/wp\/v2\/media?parent=2065"}],"curies":[{"name":"wp","href":"https:\/\/api.w.org\/{rel}","templated":true}]}}