{"id":2064,"date":"2020-08-21T05:32:51","date_gmt":"2020-08-21T05:32:51","guid":{"rendered":"https:\/\/invezt.co\/kaymera\/?page_id=245"},"modified":"2020-08-21T05:32:51","modified_gmt":"2020-08-21T05:32:51","slug":"negocios","status":"publish","type":"page","link":"https:\/\/invezt.co\/kaymera\/negocios\/","title":{"rendered":"Negocios"},"content":{"rendered":"\t\t<div data-elementor-type=\"wp-page\" data-elementor-id=\"2064\" class=\"elementor elementor-2064\">\n\t\t\t\t\t\t<section class=\"has_eae_slider elementor-section elementor-top-section elementor-element elementor-element-4e473a5 elementor-section-boxed elementor-section-height-default elementor-section-height-default\" data-eae-slider=\"16354\" data-id=\"4e473a5\" data-element_type=\"section\" data-e-type=\"section\">\n\t\t\t\t\t\t<div class=\"elementor-container elementor-column-gap-default\">\n\t\t\t\t\t<div class=\"has_eae_slider elementor-column elementor-col-100 elementor-top-column elementor-element elementor-element-ccf207f\" data-eae-slider=\"49266\" data-id=\"ccf207f\" data-element_type=\"column\" data-e-type=\"column\">\n\t\t\t<div class=\"elementor-widget-wrap elementor-element-populated\">\n\t\t\t\t\t\t<div class=\"elementor-element elementor-element-46072d6 elementor-widget elementor-widget-shortcode\" data-id=\"46072d6\" data-element_type=\"widget\" data-e-type=\"widget\" data-widget_type=\"shortcode.default\">\n\t\t\t\t<div class=\"elementor-widget-container\">\n\t\t\t\t\t\t\t<div class=\"elementor-shortcode\"><span class=\"nv--yoast-breadcrumb neve-breadcrumbs-wrapper\" style=\"font-size:0.8em; text-decoration:none;\"><span><span><a href=\"https:\/\/invezt.co\/kaymera\/\">Portada<\/a><\/span><\/span><\/span><\/div>\n\t\t\t\t\t\t<\/div>\n\t\t\t\t<\/div>\n\t\t\t\t\t<\/div>\n\t\t<\/div>\n\t\t\t\t\t<\/div>\n\t\t<\/section>\n\t\t\t\t<section class=\"has_eae_slider elementor-section elementor-top-section elementor-element elementor-element-c975807 elementor-section-height-min-height elementor-section-boxed elementor-section-height-default elementor-section-items-middle\" data-eae-slider=\"52319\" data-id=\"c975807\" data-element_type=\"section\" data-e-type=\"section\" data-settings=\"{&quot;background_background&quot;:&quot;classic&quot;}\">\n\t\t\t\t\t\t<div class=\"elementor-container elementor-column-gap-default\">\n\t\t\t\t\t<div class=\"has_eae_slider elementor-column elementor-col-100 elementor-top-column elementor-element elementor-element-73ef6f4\" data-eae-slider=\"20399\" data-id=\"73ef6f4\" data-element_type=\"column\" data-e-type=\"column\">\n\t\t\t<div class=\"elementor-widget-wrap elementor-element-populated\">\n\t\t\t\t\t\t<div class=\"elementor-element elementor-element-5d3f4a7 elementor-widget elementor-widget-heading\" data-id=\"5d3f4a7\" data-element_type=\"widget\" data-e-type=\"widget\" data-widget_type=\"heading.default\">\n\t\t\t\t<div class=\"elementor-widget-container\">\n\t\t\t\t\t<h2 class=\"elementor-heading-title elementor-size-default\">Negocios<\/h2>\t\t\t\t<\/div>\n\t\t\t\t<\/div>\n\t\t\t\t\t<\/div>\n\t\t<\/div>\n\t\t\t\t\t<\/div>\n\t\t<\/section>\n\t\t\t\t<section class=\"has_eae_slider elementor-section elementor-top-section elementor-element elementor-element-7276f74 elementor-section-boxed elementor-section-height-default elementor-section-height-default\" data-eae-slider=\"86834\" data-id=\"7276f74\" data-element_type=\"section\" data-e-type=\"section\">\n\t\t\t\t\t\t<div class=\"elementor-container elementor-column-gap-default\">\n\t\t\t\t\t<div class=\"has_eae_slider elementor-column elementor-col-100 elementor-top-column elementor-element elementor-element-32ace4c\" data-eae-slider=\"96819\" data-id=\"32ace4c\" data-element_type=\"column\" data-e-type=\"column\">\n\t\t\t<div class=\"elementor-widget-wrap elementor-element-populated\">\n\t\t\t\t\t\t<div class=\"elementor-element elementor-element-181aeef elementor-widget-divider--view-line elementor-widget elementor-widget-divider\" data-id=\"181aeef\" data-element_type=\"widget\" data-e-type=\"widget\" data-widget_type=\"divider.default\">\n\t\t\t\t<div class=\"elementor-widget-container\">\n\t\t\t\t\t\t\t<div class=\"elementor-divider\">\n\t\t\t<span class=\"elementor-divider-separator\">\n\t\t\t\t\t\t<\/span>\n\t\t<\/div>\n\t\t\t\t\t\t<\/div>\n\t\t\t\t<\/div>\n\t\t\t\t<div class=\"elementor-element elementor-element-5928e5a elementor-widget elementor-widget-heading\" data-id=\"5928e5a\" data-element_type=\"widget\" data-e-type=\"widget\" data-widget_type=\"heading.default\">\n\t\t\t\t<div class=\"elementor-widget-container\">\n\t\t\t\t\t<h4 class=\"elementor-heading-title elementor-size-default\">LA L\u00cdNEA DE FONDO<\/h4>\t\t\t\t<\/div>\n\t\t\t\t<\/div>\n\t\t\t\t<div class=\"elementor-element elementor-element-e794c25 elementor-widget-divider--view-line_text elementor-widget-divider--element-align-center elementor-widget elementor-widget-divider\" data-id=\"e794c25\" data-element_type=\"widget\" data-e-type=\"widget\" data-widget_type=\"divider.default\">\n\t\t\t\t<div class=\"elementor-widget-container\">\n\t\t\t\t\t\t\t<div class=\"elementor-divider\">\n\t\t\t<span class=\"elementor-divider-separator\">\n\t\t\t\t\t\t<\/span>\n\t\t<\/div>\n\t\t\t\t\t\t<\/div>\n\t\t\t\t<\/div>\n\t\t\t\t<div class=\"elementor-element elementor-element-bb32dcd elementor-widget elementor-widget-text-editor\" data-id=\"bb32dcd\" data-element_type=\"widget\" data-e-type=\"widget\" data-widget_type=\"text-editor.default\">\n\t\t\t\t<div class=\"elementor-widget-container\">\n\t\t\t\t\t\t\t\t\t<p align=\"justify\">En el mundo de los negocios, el activo m\u00e1s valioso de una corporaci\u00f3n o empresa y de los ejecutivos o empresarios es su reputaci\u00f3n de confiabilidad. Nada supera la confidencialidad del cliente. Cualquier paso que pueda dar una empresa para ayudar a construir y retener esa confianza es una ventaja competitiva que puede ayudar a asegurar el \u00e9xito de la empresa en una industria que actualmente est\u00e1 sumida en un bajo crecimiento y en fusiones y adquisiciones implacables.<\/p>\t\t\t\t\t\t\t\t<\/div>\n\t\t\t\t<\/div>\n\t\t\t\t<div class=\"elementor-element elementor-element-8373f06 elementor-widget elementor-widget-heading\" data-id=\"8373f06\" data-element_type=\"widget\" data-e-type=\"widget\" data-widget_type=\"heading.default\">\n\t\t\t\t<div class=\"elementor-widget-container\">\n\t\t\t\t\t<h4 class=\"elementor-heading-title elementor-size-default\">EL RETO<\/h4>\t\t\t\t<\/div>\n\t\t\t\t<\/div>\n\t\t\t\t<div class=\"elementor-element elementor-element-641c6cc elementor-widget-divider--view-line_text elementor-widget-divider--element-align-center elementor-widget elementor-widget-divider\" data-id=\"641c6cc\" data-element_type=\"widget\" data-e-type=\"widget\" data-widget_type=\"divider.default\">\n\t\t\t\t<div class=\"elementor-widget-container\">\n\t\t\t\t\t\t\t<div class=\"elementor-divider\">\n\t\t\t<span class=\"elementor-divider-separator\">\n\t\t\t\t\t\t<\/span>\n\t\t<\/div>\n\t\t\t\t\t\t<\/div>\n\t\t\t\t<\/div>\n\t\t\t\t<div class=\"elementor-element elementor-element-6e48146 elementor-widget elementor-widget-text-editor\" data-id=\"6e48146\" data-element_type=\"widget\" data-e-type=\"widget\" data-widget_type=\"text-editor.default\">\n\t\t\t\t<div class=\"elementor-widget-container\">\n\t\t\t\t\t\t\t\t\t<p align=\"justify\">Los ejecutivos y empresarios, ya sea en la pr\u00e1ctica privada o en la asesor\u00eda interna, comparten dos desaf\u00edos actuales: la necesidad interminable de garantizar la confidencialidad del cliente y la creciente adopci\u00f3n de la tecnolog\u00eda de comunicaci\u00f3n m\u00f3vil. Desafortunadamente, estos est\u00e1n en desacuerdo entre s\u00ed, lo que deja a los empresarios luchando por c\u00f3mo garantizar la confidencialidad de la informaci\u00f3n confidencial de los clientes en una era de adopci\u00f3n de tel\u00e9fonos m\u00f3viles con dispositivos m\u00f3viles. La empresa que obtiene una ventaja competitiva en tal entorno es la que adopta la tecnolog\u00eda de comunicaciones que maximiza la flexibilidad de sus directivos y al mismo tiempo asegura la protecci\u00f3n de la informaci\u00f3n sensible que los clientes demandan. Eso significa saber que ning\u00fan tercero no autorizado est\u00e1 escuchando conversaciones privadas. Ah\u00ed es donde <b>KAYMERA<\/b> entra en escena.<\/p>\t\t\t\t\t\t\t\t<\/div>\n\t\t\t\t<\/div>\n\t\t\t\t<div class=\"elementor-element elementor-element-aaf1eee elementor-widget elementor-widget-heading\" data-id=\"aaf1eee\" data-element_type=\"widget\" data-e-type=\"widget\" data-widget_type=\"heading.default\">\n\t\t\t\t<div class=\"elementor-widget-container\">\n\t\t\t\t\t<h4 class=\"elementor-heading-title elementor-size-default\">LA SOLUCI\u00d3N<\/h4>\t\t\t\t<\/div>\n\t\t\t\t<\/div>\n\t\t\t\t<div class=\"elementor-element elementor-element-e61d4e4 elementor-widget-divider--view-line_text elementor-widget-divider--element-align-center elementor-widget elementor-widget-divider\" data-id=\"e61d4e4\" data-element_type=\"widget\" data-e-type=\"widget\" data-widget_type=\"divider.default\">\n\t\t\t\t<div class=\"elementor-widget-container\">\n\t\t\t\t\t\t\t<div class=\"elementor-divider\">\n\t\t\t<span class=\"elementor-divider-separator\">\n\t\t\t\t\t\t<\/span>\n\t\t<\/div>\n\t\t\t\t\t\t<\/div>\n\t\t\t\t<\/div>\n\t\t\t\t<div class=\"elementor-element elementor-element-5cfb7f0 elementor-widget elementor-widget-text-editor\" data-id=\"5cfb7f0\" data-element_type=\"widget\" data-e-type=\"widget\" data-widget_type=\"text-editor.default\">\n\t\t\t\t<div class=\"elementor-widget-container\">\n\t\t\t\t\t\t\t\t\t<p align=\"justify\">Existe una, y solo una, verdadera soluci\u00f3n de extremo a extremo para este desaf\u00edo, el sistema de cifrado m\u00f3vil <b>KAYMERA<\/b>. Al integrar el tel\u00e9fono m\u00f3vil existente de cada profesional legal con <b>KAYMERA<\/b>, la informaci\u00f3n personal m\u00e1s sensible del cliente est\u00e1 protegida contra ladrones de identidad, piratas inform\u00e1ticos y cualquier otra persona que no tenga por qu\u00e9 conocer el negocio del cliente. El sistema es f\u00e1cil de instalar y aprender, y funciona con los tel\u00e9fonos m\u00f3viles que los abogados ya usan todos los d\u00edas.<\/p>\t\t\t\t\t\t\t\t<\/div>\n\t\t\t\t<\/div>\n\t\t\t\t\t<\/div>\n\t\t<\/div>\n\t\t\t\t\t<\/div>\n\t\t<\/section>\n\t\t\t\t<section class=\"has_eae_slider elementor-section elementor-top-section elementor-element elementor-element-509e1a26 elementor-section-content-middle elementor-section-boxed elementor-section-height-default elementor-section-height-default\" data-eae-slider=\"42168\" data-id=\"509e1a26\" data-element_type=\"section\" data-e-type=\"section\" data-settings=\"{&quot;background_background&quot;:&quot;classic&quot;}\">\n\t\t\t\t\t\t<div class=\"elementor-container elementor-column-gap-no\">\n\t\t\t\t\t<div class=\"has_eae_slider elementor-column elementor-col-100 elementor-top-column elementor-element elementor-element-27a2432c\" data-eae-slider=\"50373\" data-id=\"27a2432c\" data-element_type=\"column\" data-e-type=\"column\">\n\t\t\t<div class=\"elementor-widget-wrap elementor-element-populated\">\n\t\t\t\t\t\t<div class=\"elementor-element elementor-element-3d4a82a1 elementor-widget elementor-widget-heading\" data-id=\"3d4a82a1\" data-element_type=\"widget\" data-e-type=\"widget\" data-widget_type=\"heading.default\">\n\t\t\t\t<div class=\"elementor-widget-container\">\n\t\t\t\t\t<h2 class=\"elementor-heading-title elementor-size-default\">\u00bfRequieres m\u00e1s informaci\u00f3n?<\/h2>\t\t\t\t<\/div>\n\t\t\t\t<\/div>\n\t\t\t\t<div class=\"elementor-element elementor-element-1f26f538 elementor-align-center elementor-widget elementor-widget-button\" data-id=\"1f26f538\" data-element_type=\"widget\" data-e-type=\"widget\" data-widget_type=\"button.default\">\n\t\t\t\t<div class=\"elementor-widget-container\">\n\t\t\t\t\t\t\t\t\t<div class=\"elementor-button-wrapper\">\n\t\t\t\t\t<a class=\"elementor-button elementor-button-link elementor-size-sm elementor-animation-grow\" href=\"https:\/\/invezt.co\/kaymera\/es\/contacto\/\">\n\t\t\t\t\t\t<span class=\"elementor-button-content-wrapper\">\n\t\t\t\t\t\t\t\t\t<span class=\"elementor-button-text\">Cont\u00e1ctenos<\/span>\n\t\t\t\t\t<\/span>\n\t\t\t\t\t<\/a>\n\t\t\t\t<\/div>\n\t\t\t\t\t\t\t\t<\/div>\n\t\t\t\t<\/div>\n\t\t\t\t\t<\/div>\n\t\t<\/div>\n\t\t\t\t\t<\/div>\n\t\t<\/section>\n\t\t\t\t<\/div>\n\t\t","protected":false},"excerpt":{"rendered":"<p>Negocios LA L\u00cdNEA DE FONDO En el mundo de los negocios, el activo m\u00e1s valioso de una corporaci\u00f3n o empresa y de los ejecutivos o empresarios es su reputaci\u00f3n de confiabilidad. Nada supera la confidencialidad del cliente. Cualquier paso que pueda dar una empresa para ayudar a construir y retener esa confianza es una ventaja&hellip;&nbsp;<a href=\"https:\/\/invezt.co\/kaymera\/negocios\/\" rel=\"bookmark\">Leer m\u00e1s &raquo;<span class=\"screen-reader-text\">Negocios<\/span><\/a><\/p>\n","protected":false},"author":1,"featured_media":472,"parent":0,"menu_order":0,"comment_status":"closed","ping_status":"closed","template":"","meta":{"neve_meta_sidebar":"full-width","neve_meta_container":"","neve_meta_enable_content_width":"on","neve_meta_content_width":100,"neve_meta_title_alignment":"","neve_meta_author_avatar":"","neve_post_elements_order":"","neve_meta_disable_header":"","neve_meta_disable_footer":"","neve_meta_disable_title":"on","footnotes":""},"class_list":["post-2064","page","type-page","status-publish","has-post-thumbnail","hentry"],"yoast_head":"<!-- This site is optimized with the Yoast SEO plugin v27.1.1 - https:\/\/yoast.com\/product\/yoast-seo-wordpress\/ -->\n<title>Negocios - Kaymera<\/title>\n<meta name=\"robots\" content=\"index, follow, max-snippet:-1, max-image-preview:large, max-video-preview:-1\" \/>\n<link rel=\"canonical\" href=\"https:\/\/invezt.co\/kaymera\/negocios\/\" \/>\n<meta property=\"og:locale\" content=\"es_ES\" \/>\n<meta property=\"og:type\" content=\"article\" \/>\n<meta property=\"og:title\" content=\"Negocios - Kaymera\" \/>\n<meta property=\"og:description\" content=\"Negocios LA L\u00cdNEA DE FONDO En el mundo de los negocios, el activo m\u00e1s valioso de una corporaci\u00f3n o empresa y de los ejecutivos o empresarios es su reputaci\u00f3n de confiabilidad. Nada supera la confidencialidad del cliente. Cualquier paso que pueda dar una empresa para ayudar a construir y retener esa confianza es una ventaja&hellip;&nbsp;Leer m\u00e1s &raquo;Negocios\" \/>\n<meta property=\"og:url\" content=\"https:\/\/invezt.co\/kaymera\/negocios\/\" \/>\n<meta property=\"og:site_name\" content=\"Kaymera\" \/>\n<meta property=\"og:image\" content=\"https:\/\/invezt.co\/kaymera\/wp-content\/uploads\/2020\/08\/KaymeraSiteMX_negocios.jpg\" \/>\n\t<meta property=\"og:image:width\" content=\"1450\" \/>\n\t<meta property=\"og:image:height\" content=\"400\" \/>\n\t<meta property=\"og:image:type\" content=\"image\/jpeg\" \/>\n<meta name=\"twitter:card\" content=\"summary_large_image\" \/>\n<meta name=\"twitter:label1\" content=\"Tiempo de lectura\" \/>\n\t<meta name=\"twitter:data1\" content=\"2 minutos\" \/>\n<script type=\"application\/ld+json\" class=\"yoast-schema-graph\">{\"@context\":\"https:\/\/schema.org\",\"@graph\":[{\"@type\":\"WebPage\",\"@id\":\"https:\/\/invezt.co\/kaymera\/negocios\/\",\"url\":\"https:\/\/invezt.co\/kaymera\/negocios\/\",\"name\":\"Negocios - Kaymera\",\"isPartOf\":{\"@id\":\"https:\/\/invezt.co\/kaymera\/#website\"},\"primaryImageOfPage\":{\"@id\":\"https:\/\/invezt.co\/kaymera\/negocios\/#primaryimage\"},\"image\":{\"@id\":\"https:\/\/invezt.co\/kaymera\/negocios\/#primaryimage\"},\"thumbnailUrl\":\"https:\/\/invezt.co\/kaymera\/wp-content\/uploads\/2020\/08\/KaymeraSiteMX_negocios.jpg\",\"datePublished\":\"2020-08-21T05:32:51+00:00\",\"breadcrumb\":{\"@id\":\"https:\/\/invezt.co\/kaymera\/negocios\/#breadcrumb\"},\"inLanguage\":\"es\",\"potentialAction\":[{\"@type\":\"ReadAction\",\"target\":[\"https:\/\/invezt.co\/kaymera\/negocios\/\"]}]},{\"@type\":\"ImageObject\",\"inLanguage\":\"es\",\"@id\":\"https:\/\/invezt.co\/kaymera\/negocios\/#primaryimage\",\"url\":\"https:\/\/invezt.co\/kaymera\/wp-content\/uploads\/2020\/08\/KaymeraSiteMX_negocios.jpg\",\"contentUrl\":\"https:\/\/invezt.co\/kaymera\/wp-content\/uploads\/2020\/08\/KaymeraSiteMX_negocios.jpg\",\"width\":1450,\"height\":400},{\"@type\":\"BreadcrumbList\",\"@id\":\"https:\/\/invezt.co\/kaymera\/negocios\/#breadcrumb\",\"itemListElement\":[{\"@type\":\"ListItem\",\"position\":1,\"name\":\"Portada\",\"item\":\"https:\/\/invezt.co\/kaymera\/\"},{\"@type\":\"ListItem\",\"position\":2,\"name\":\"Negocios\"}]},{\"@type\":\"WebSite\",\"@id\":\"https:\/\/invezt.co\/kaymera\/#website\",\"url\":\"https:\/\/invezt.co\/kaymera\/\",\"name\":\"Kaymera\",\"description\":\"High-end mobile security\",\"publisher\":{\"@id\":\"https:\/\/invezt.co\/kaymera\/#organization\"},\"potentialAction\":[{\"@type\":\"SearchAction\",\"target\":{\"@type\":\"EntryPoint\",\"urlTemplate\":\"https:\/\/invezt.co\/kaymera\/?s={search_term_string}\"},\"query-input\":{\"@type\":\"PropertyValueSpecification\",\"valueRequired\":true,\"valueName\":\"search_term_string\"}}],\"inLanguage\":\"es\"},{\"@type\":\"Organization\",\"@id\":\"https:\/\/invezt.co\/kaymera\/#organization\",\"name\":\"Kaymera By Invezt.co\",\"url\":\"https:\/\/invezt.co\/kaymera\/\",\"logo\":{\"@type\":\"ImageObject\",\"inLanguage\":\"es\",\"@id\":\"https:\/\/invezt.co\/kaymera\/#\/schema\/logo\/image\/\",\"url\":\"https:\/\/invezt.co\/kaymera\/wp-content\/uploads\/2022\/04\/cropped-favicon-1.png\",\"contentUrl\":\"https:\/\/invezt.co\/kaymera\/wp-content\/uploads\/2022\/04\/cropped-favicon-1.png\",\"width\":512,\"height\":512,\"caption\":\"Kaymera By Invezt.co\"},\"image\":{\"@id\":\"https:\/\/invezt.co\/kaymera\/#\/schema\/logo\/image\/\"}}]}<\/script>\n<!-- \/ Yoast SEO plugin. -->","yoast_head_json":{"title":"Negocios - Kaymera","robots":{"index":"index","follow":"follow","max-snippet":"max-snippet:-1","max-image-preview":"max-image-preview:large","max-video-preview":"max-video-preview:-1"},"canonical":"https:\/\/invezt.co\/kaymera\/negocios\/","og_locale":"es_ES","og_type":"article","og_title":"Negocios - Kaymera","og_description":"Negocios LA L\u00cdNEA DE FONDO En el mundo de los negocios, el activo m\u00e1s valioso de una corporaci\u00f3n o empresa y de los ejecutivos o empresarios es su reputaci\u00f3n de confiabilidad. Nada supera la confidencialidad del cliente. Cualquier paso que pueda dar una empresa para ayudar a construir y retener esa confianza es una ventaja&hellip;&nbsp;Leer m\u00e1s &raquo;Negocios","og_url":"https:\/\/invezt.co\/kaymera\/negocios\/","og_site_name":"Kaymera","og_image":[{"width":1450,"height":400,"url":"https:\/\/invezt.co\/kaymera\/wp-content\/uploads\/2020\/08\/KaymeraSiteMX_negocios.jpg","type":"image\/jpeg"}],"twitter_card":"summary_large_image","twitter_misc":{"Tiempo de lectura":"2 minutos"},"schema":{"@context":"https:\/\/schema.org","@graph":[{"@type":"WebPage","@id":"https:\/\/invezt.co\/kaymera\/negocios\/","url":"https:\/\/invezt.co\/kaymera\/negocios\/","name":"Negocios - Kaymera","isPartOf":{"@id":"https:\/\/invezt.co\/kaymera\/#website"},"primaryImageOfPage":{"@id":"https:\/\/invezt.co\/kaymera\/negocios\/#primaryimage"},"image":{"@id":"https:\/\/invezt.co\/kaymera\/negocios\/#primaryimage"},"thumbnailUrl":"https:\/\/invezt.co\/kaymera\/wp-content\/uploads\/2020\/08\/KaymeraSiteMX_negocios.jpg","datePublished":"2020-08-21T05:32:51+00:00","breadcrumb":{"@id":"https:\/\/invezt.co\/kaymera\/negocios\/#breadcrumb"},"inLanguage":"es","potentialAction":[{"@type":"ReadAction","target":["https:\/\/invezt.co\/kaymera\/negocios\/"]}]},{"@type":"ImageObject","inLanguage":"es","@id":"https:\/\/invezt.co\/kaymera\/negocios\/#primaryimage","url":"https:\/\/invezt.co\/kaymera\/wp-content\/uploads\/2020\/08\/KaymeraSiteMX_negocios.jpg","contentUrl":"https:\/\/invezt.co\/kaymera\/wp-content\/uploads\/2020\/08\/KaymeraSiteMX_negocios.jpg","width":1450,"height":400},{"@type":"BreadcrumbList","@id":"https:\/\/invezt.co\/kaymera\/negocios\/#breadcrumb","itemListElement":[{"@type":"ListItem","position":1,"name":"Portada","item":"https:\/\/invezt.co\/kaymera\/"},{"@type":"ListItem","position":2,"name":"Negocios"}]},{"@type":"WebSite","@id":"https:\/\/invezt.co\/kaymera\/#website","url":"https:\/\/invezt.co\/kaymera\/","name":"Kaymera","description":"High-end mobile security","publisher":{"@id":"https:\/\/invezt.co\/kaymera\/#organization"},"potentialAction":[{"@type":"SearchAction","target":{"@type":"EntryPoint","urlTemplate":"https:\/\/invezt.co\/kaymera\/?s={search_term_string}"},"query-input":{"@type":"PropertyValueSpecification","valueRequired":true,"valueName":"search_term_string"}}],"inLanguage":"es"},{"@type":"Organization","@id":"https:\/\/invezt.co\/kaymera\/#organization","name":"Kaymera By Invezt.co","url":"https:\/\/invezt.co\/kaymera\/","logo":{"@type":"ImageObject","inLanguage":"es","@id":"https:\/\/invezt.co\/kaymera\/#\/schema\/logo\/image\/","url":"https:\/\/invezt.co\/kaymera\/wp-content\/uploads\/2022\/04\/cropped-favicon-1.png","contentUrl":"https:\/\/invezt.co\/kaymera\/wp-content\/uploads\/2022\/04\/cropped-favicon-1.png","width":512,"height":512,"caption":"Kaymera By Invezt.co"},"image":{"@id":"https:\/\/invezt.co\/kaymera\/#\/schema\/logo\/image\/"}}]}},"_links":{"self":[{"href":"https:\/\/invezt.co\/kaymera\/wp-json\/wp\/v2\/pages\/2064","targetHints":{"allow":["GET"]}}],"collection":[{"href":"https:\/\/invezt.co\/kaymera\/wp-json\/wp\/v2\/pages"}],"about":[{"href":"https:\/\/invezt.co\/kaymera\/wp-json\/wp\/v2\/types\/page"}],"author":[{"embeddable":true,"href":"https:\/\/invezt.co\/kaymera\/wp-json\/wp\/v2\/users\/1"}],"replies":[{"embeddable":true,"href":"https:\/\/invezt.co\/kaymera\/wp-json\/wp\/v2\/comments?post=2064"}],"version-history":[{"count":0,"href":"https:\/\/invezt.co\/kaymera\/wp-json\/wp\/v2\/pages\/2064\/revisions"}],"wp:featuredmedia":[{"embeddable":true,"href":"https:\/\/invezt.co\/kaymera\/wp-json\/wp\/v2\/media\/472"}],"wp:attachment":[{"href":"https:\/\/invezt.co\/kaymera\/wp-json\/wp\/v2\/media?parent=2064"}],"curies":[{"name":"wp","href":"https:\/\/api.w.org\/{rel}","templated":true}]}}