{"id":2060,"date":"2020-08-20T19:30:22","date_gmt":"2020-08-20T19:30:22","guid":{"rendered":"https:\/\/invezt.co\/kaymera\/?page_id=50"},"modified":"2022-03-24T19:05:32","modified_gmt":"2022-03-24T19:05:32","slug":"cipherbond-tecnologia","status":"publish","type":"page","link":"https:\/\/invezt.co\/kaymera\/cipherbond\/cipherbond-tecnologia\/","title":{"rendered":"CipherBond Tecnolog\u00eda"},"content":{"rendered":"\t\t<div data-elementor-type=\"wp-page\" data-elementor-id=\"2060\" class=\"elementor elementor-2060\">\n\t\t\t\t\t\t<section class=\"has_eae_slider elementor-section elementor-top-section elementor-element elementor-element-5f2cbda5 elementor-section-height-min-height elementor-section-boxed elementor-section-height-default elementor-section-items-middle\" data-eae-slider=\"33904\" data-id=\"5f2cbda5\" data-element_type=\"section\" data-e-type=\"section\" data-settings=\"{&quot;background_background&quot;:&quot;classic&quot;}\">\n\t\t\t\t\t\t<div class=\"elementor-container elementor-column-gap-default\">\n\t\t\t\t\t<div class=\"has_eae_slider elementor-column elementor-col-100 elementor-top-column elementor-element elementor-element-53e934e6\" data-eae-slider=\"55049\" data-id=\"53e934e6\" data-element_type=\"column\" data-e-type=\"column\">\n\t\t\t<div class=\"elementor-widget-wrap elementor-element-populated\">\n\t\t\t\t\t\t<div class=\"elementor-element elementor-element-0897628 elementor-widget elementor-widget-shortcode\" data-id=\"0897628\" data-element_type=\"widget\" data-e-type=\"widget\" data-widget_type=\"shortcode.default\">\n\t\t\t\t<div class=\"elementor-widget-container\">\n\t\t\t\t\t\t\t<div class=\"elementor-shortcode\"><span class=\"nv--yoast-breadcrumb neve-breadcrumbs-wrapper\" style=\"font-size:0.8em; text-decoration:none;\"><span><span><a href=\"https:\/\/invezt.co\/kaymera\/\">Portada<\/a><\/span><\/span><\/span><\/div>\n\t\t\t\t\t\t<\/div>\n\t\t\t\t<\/div>\n\t\t\t\t<div class=\"elementor-element elementor-element-7e1d289e elementor-widget elementor-widget-heading\" data-id=\"7e1d289e\" data-element_type=\"widget\" data-e-type=\"widget\" data-widget_type=\"heading.default\">\n\t\t\t\t<div class=\"elementor-widget-container\">\n\t\t\t\t\t<h2 class=\"elementor-heading-title elementor-size-default\">CipherBond<\/h2>\t\t\t\t<\/div>\n\t\t\t\t<\/div>\n\t\t\t\t<div class=\"elementor-element elementor-element-e61fe7f elementor-widget elementor-widget-heading\" data-id=\"e61fe7f\" data-element_type=\"widget\" data-e-type=\"widget\" data-widget_type=\"heading.default\">\n\t\t\t\t<div class=\"elementor-widget-container\">\n\t\t\t\t\t<h2 class=\"elementor-heading-title elementor-size-default\">Utiliza el Est\u00e1ndar m\u00e1s Avanzado de Encriptaci\u00f3n<\/h2>\t\t\t\t<\/div>\n\t\t\t\t<\/div>\n\t\t\t\t\t<\/div>\n\t\t<\/div>\n\t\t\t\t\t<\/div>\n\t\t<\/section>\n\t\t\t\t<section class=\"has_eae_slider elementor-section elementor-top-section elementor-element elementor-element-ae05a41 elementor-section-boxed elementor-section-height-default elementor-section-height-default\" data-eae-slider=\"35836\" data-id=\"ae05a41\" data-element_type=\"section\" data-e-type=\"section\">\n\t\t\t\t\t\t<div class=\"elementor-container elementor-column-gap-default\">\n\t\t\t\t\t<div class=\"has_eae_slider elementor-column elementor-col-100 elementor-top-column elementor-element elementor-element-7ea7918\" data-eae-slider=\"6860\" data-id=\"7ea7918\" data-element_type=\"column\" data-e-type=\"column\">\n\t\t\t<div class=\"elementor-widget-wrap elementor-element-populated\">\n\t\t\t\t\t\t<div class=\"elementor-element elementor-element-93bb2dd elementor-widget elementor-widget-text-editor\" data-id=\"93bb2dd\" data-element_type=\"widget\" data-e-type=\"widget\" data-widget_type=\"text-editor.default\">\n\t\t\t\t<div class=\"elementor-widget-container\">\n\t\t\t\t\t\t\t\t\t<p><span style=\"color: #eb1a22;\"><b><img decoding=\"async\" class=\" wp-image-545 alignleft\" src=\"https:\/\/invezt.co\/kaymera\/wp-content\/uploads\/2020\/08\/topsecret.png\" alt=\"\" width=\"107\" height=\"107\" srcset=\"https:\/\/invezt.co\/kaymera\/wp-content\/uploads\/2020\/08\/topsecret.png 150w, https:\/\/invezt.co\/kaymera\/wp-content\/uploads\/2020\/08\/topsecret-100x100.png 100w\" sizes=\"(max-width: 107px) 100vw, 107px\" \/>CipherBond<\/b><\/span><span style=\"font-weight: 400;\"> no es una VPN, ni un Antivirus, es una plataforma de comunicaci\u00f3n que usa un <\/span><b>cifrado AES-256<\/b><span style=\"font-weight: 400;\">.<\/span><\/p><p><b>El Advanced Encryption Standard (AES) <\/b><span style=\"font-weight: 400;\">es un esquema de cifrado por bloques adoptado y aprobado por el gobierno de los Estados Unidos. La <\/span><b>Agencia Nacional de Seguridad (NSA)<\/b><span style=\"font-weight: 400;\"> lo usa para la transmisi\u00f3n de <\/span><b>Informaci\u00f3n Ultra Secreta (TOP-SECRET)<\/b><span style=\"font-weight: 400;\">.<\/span><\/p><p><span style=\"font-weight: 400;\">El <\/span><b>256<\/b><span style=\"font-weight: 400;\"> se refiere al n\u00famero de <\/span><b>bits<\/b><span style=\"font-weight: 400;\"> utilizados en la <\/span><b>clave criptogr\u00e1fica; la m\u00e1s alta hasta el momento<\/b><span style=\"font-weight: 400;\">. Este tama\u00f1o de la clave hace que sea esencialmente irrompible. Lo que significa que, incluso si los servidores fueran hackeados, la comunicaci\u00f3n del cliente ser\u00eda imposible de descifrar.<\/span><\/p><p><span style=\"font-weight: 400;\">Hasta el d\u00eda de hoy, no existe un ataque factible ni se ha encontrado ning\u00fan ataque exitoso contra el <\/span><b>AES<\/b><span style=\"font-weight: 400;\">.<\/span> <span style=\"font-weight: 400;\">Vulnerar una clave criptogr\u00e1fica <\/span><b>AES<\/b><span style=\"font-weight: 400;\"> de <\/span><b>256<\/b><span style=\"font-weight: 400;\"> bits con una supercomputadora de \u00faltima generaci\u00f3n tomar\u00eda un tiempo equivalente a 2,128 veces la edad total del universo. Es por ello que el <\/span><b>AES-256<\/b><span style=\"font-weight: 400;\"> sigue siendo el est\u00e1ndar de <\/span><b>cifrado preferido<\/b><span style=\"font-weight: 400;\"> para los <\/span><b>gobiernos, bancos y sistemas de alta seguridad en todo el mundo<\/b><span style=\"font-weight: 400;\">.<\/span><\/p><p><span style=\"font-weight: 400;\">Adem\u00e1s, el <\/span><b>AES<\/b><span style=\"font-weight: 400;\"> es un <\/span><b>sistema de clave sim\u00e9trica<\/b><span style=\"font-weight: 400;\"> lo cual tiene dos ventajas:\u00a0<\/span><\/p><ol><li style=\"font-weight: 400;\"><span style=\"font-weight: 400;\">Aumenta el nivel de seguridad ya que la misma clave criptogr\u00e1fica se utiliza tanto en el emisor como en el receptor para codificar y decodificar la informaci\u00f3n. Esto hace que para un ciberdelincuente no sea de ninguna ayuda conocer el algoritmo que <\/span><span style=\"color: #eb1a22;\"><b>CipherBond<\/b><\/span><span style=\"font-weight: 400;\"> est\u00e1 empleando si no tiene acceso a la clave.<\/span><\/li><li style=\"font-weight: 400;\"><span style=\"font-weight: 400;\">AES es extremadamente r\u00e1pido y consume menos datos ya que no se requiere agregar m\u00e1s informaci\u00f3n a la comunicaci\u00f3n ya que va segura de origen.<\/span><\/li><\/ol><p><b>Cifrado extremo a extremo de los Enlaces de Voz entre usuarios <\/b><span style=\"color: #eb1a22;\"><b>CipherBond<\/b><\/span><\/p><ul><li style=\"font-weight: 400;\"><span style=\"font-weight: 400;\"><img fetchpriority=\"high\" decoding=\"async\" class=\"size-full wp-image-546 alignright\" src=\"https:\/\/invezt.co\/kaymera\/wp-content\/uploads\/2020\/08\/nivelseguridad.jpg\" alt=\"\" width=\"404\" height=\"282\" srcset=\"https:\/\/invezt.co\/kaymera\/wp-content\/uploads\/2020\/08\/nivelseguridad.jpg 404w, https:\/\/invezt.co\/kaymera\/wp-content\/uploads\/2020\/08\/nivelseguridad-300x209.jpg 300w\" sizes=\"(max-width: 404px) 100vw, 404px\" \/>El usuario que inicia la llamada genera una solicitud encriptada para conectarse a otro nodo del sistema.<\/span><\/li><li style=\"font-weight: 400;\"><span style=\"font-weight: 400;\">En respuesta a la solicitud se genera una Clave de Sesi\u00f3n que se utilizar\u00e1 para el encriptado de la comunicaci\u00f3n de Voz sobre IP durante esa sesi\u00f3n espec\u00edfica.<\/span><\/li><li style=\"font-weight: 400;\"><span style=\"font-weight: 400;\">Esta Clave de Sesi\u00f3n se env\u00eda al otro usuario mediante un canal encriptado (SIP\/TLS 1.2) utilizando un sistema de cifrado PKI (encriptado utilizando la clave p\u00fablica de la otra parte).<\/span><\/li><li style=\"font-weight: 400;\"><span style=\"font-weight: 400;\">Esta clave de sesi\u00f3n (<\/span><b>Criptograf\u00eda sim\u00e9trica<\/b> <b>AES 256<\/b><span style=\"font-weight: 400;\">) se utiliza a lo largo de esa sesi\u00f3n.<\/span><\/li><li style=\"font-weight: 400;\"><span style=\"font-weight: 400;\">Al finalizar la llamada, se elimina la clave de cifrado.<\/span><\/li><li style=\"font-weight: 400;\"><span style=\"font-weight: 400;\">Esto protege ambos extremos de la conversaci\u00f3n contra cualquier tipo de sistema de intercepci\u00f3n de voz de proximidad cercana o a nivel de switch.<\/span><\/li><\/ul>\t\t\t\t\t\t\t\t<\/div>\n\t\t\t\t<\/div>\n\t\t\t\t<div class=\"elementor-element elementor-element-7bfe4f6 elementor-widget elementor-widget-spacer\" data-id=\"7bfe4f6\" data-element_type=\"widget\" data-e-type=\"widget\" data-widget_type=\"spacer.default\">\n\t\t\t\t<div class=\"elementor-widget-container\">\n\t\t\t\t\t\t\t<div class=\"elementor-spacer\">\n\t\t\t<div class=\"elementor-spacer-inner\"><\/div>\n\t\t<\/div>\n\t\t\t\t\t\t<\/div>\n\t\t\t\t<\/div>\n\t\t\t\t\t<\/div>\n\t\t<\/div>\n\t\t\t\t\t<\/div>\n\t\t<\/section>\n\t\t\t\t<section class=\"has_eae_slider elementor-section elementor-top-section elementor-element elementor-element-25fe1982 elementor-section-boxed elementor-section-height-default elementor-section-height-default\" data-eae-slider=\"85082\" data-id=\"25fe1982\" data-element_type=\"section\" data-e-type=\"section\" data-settings=\"{&quot;background_background&quot;:&quot;classic&quot;}\">\n\t\t\t\t\t\t\t<div class=\"elementor-background-overlay\"><\/div>\n\t\t\t\t\t\t\t<div class=\"elementor-container elementor-column-gap-default\">\n\t\t\t\t\t<div class=\"has_eae_slider elementor-column elementor-col-33 elementor-top-column elementor-element elementor-element-7ae4cb57\" data-eae-slider=\"58160\" data-id=\"7ae4cb57\" data-element_type=\"column\" data-e-type=\"column\">\n\t\t\t<div class=\"elementor-widget-wrap elementor-element-populated\">\n\t\t\t\t\t\t<section class=\"has_eae_slider elementor-section elementor-inner-section elementor-element elementor-element-298aa111 elementor-section-boxed elementor-section-height-default elementor-section-height-default\" data-eae-slider=\"75373\" data-id=\"298aa111\" data-element_type=\"section\" data-e-type=\"section\" data-settings=\"{&quot;background_background&quot;:&quot;classic&quot;}\">\n\t\t\t\t\t\t<div class=\"elementor-container elementor-column-gap-default\">\n\t\t\t\t\t<div class=\"has_eae_slider elementor-column elementor-col-100 elementor-inner-column elementor-element elementor-element-5bdff73f\" data-eae-slider=\"97109\" data-id=\"5bdff73f\" data-element_type=\"column\" data-e-type=\"column\">\n\t\t\t<div class=\"elementor-widget-wrap elementor-element-populated\">\n\t\t\t\t\t\t<div class=\"elementor-element elementor-element-42b5fe9b elementor-widget elementor-widget-heading\" data-id=\"42b5fe9b\" data-element_type=\"widget\" data-e-type=\"widget\" data-widget_type=\"heading.default\">\n\t\t\t\t<div class=\"elementor-widget-container\">\n\t\t\t\t\t<h2 class=\"elementor-heading-title elementor-size-default\">Proteja sus datos ahora<\/h2>\t\t\t\t<\/div>\n\t\t\t\t<\/div>\n\t\t\t\t<div class=\"elementor-element elementor-element-44d981c1 elementor-widget elementor-widget-text-editor\" data-id=\"44d981c1\" data-element_type=\"widget\" data-e-type=\"widget\" data-widget_type=\"text-editor.default\">\n\t\t\t\t<div class=\"elementor-widget-container\">\n\t\t\t\t\t\t\t\t\t<p>Cont\u00e1ctenos para soporte, compras o cualquier otra consulta.<\/p>\t\t\t\t\t\t\t\t<\/div>\n\t\t\t\t<\/div>\n\t\t\t\t<div class=\"elementor-element elementor-element-7c8b0233 elementor-widget elementor-widget-htcontactform-addons\" data-id=\"7c8b0233\" data-element_type=\"widget\" data-e-type=\"widget\" data-widget_type=\"htcontactform-addons.default\">\n\t\t\t\t<div class=\"elementor-widget-container\">\n\t\t\t\t\t            <div class=\"htcontact-form-wrapper\" >\n                \n<div class=\"wpcf7 no-js\" id=\"wpcf7-f380-o1\" lang=\"es-ES\" dir=\"ltr\" data-wpcf7-id=\"380\">\n<div class=\"screen-reader-response\"><p role=\"status\" aria-live=\"polite\" aria-atomic=\"true\"><\/p> <ul><\/ul><\/div>\n<form action=\"\/kaymera\/wp-json\/wp\/v2\/pages\/2060#wpcf7-f380-o1\" method=\"post\" class=\"wpcf7-form init\" aria-label=\"Formulario de contacto\" novalidate=\"novalidate\" data-status=\"init\">\n<fieldset class=\"hidden-fields-container\"><input type=\"hidden\" name=\"_wpcf7\" value=\"380\" \/><input type=\"hidden\" name=\"_wpcf7_version\" value=\"6.1.5\" \/><input type=\"hidden\" name=\"_wpcf7_locale\" value=\"es_ES\" \/><input type=\"hidden\" name=\"_wpcf7_unit_tag\" value=\"wpcf7-f380-o1\" \/><input type=\"hidden\" name=\"_wpcf7_container_post\" value=\"0\" \/><input type=\"hidden\" name=\"_wpcf7_posted_data_hash\" value=\"\" \/>\n<\/fieldset>\n<p><span class=\"wpcf7-form-control-wrap\" data-name=\"your-name\"><input size=\"40\" maxlength=\"400\" class=\"wpcf7-form-control wpcf7-text wpcf7-validates-as-required\" aria-required=\"true\" aria-invalid=\"false\" placeholder=\"Nombre*\" value=\"\" type=\"text\" name=\"your-name\" \/><\/span>\n<\/p>\n<p><span class=\"wpcf7-form-control-wrap\" data-name=\"your-email\"><input size=\"40\" maxlength=\"400\" class=\"wpcf7-form-control wpcf7-email wpcf7-validates-as-required wpcf7-text wpcf7-validates-as-email\" aria-required=\"true\" aria-invalid=\"false\" placeholder=\"Email*\" value=\"\" type=\"email\" name=\"your-email\" \/><\/span>\n<\/p>\n<p><span class=\"wpcf7-form-control-wrap intl_tel-635\"><input class=\"wpcf7-form-control wpcf7-intl_tel wpcf7-validates-as-required wpcf7-intl-tel\" aria-required=\"true\" aria-invalid=\"false\" data-initialcountry=\"mx\" value=\"\" type=\"tel\" name=\"intl_tel-635-cf7it-national\" \/><input name=\"intl_tel-635\" type=\"hidden\" class=\"wpcf7-intl-tel-full\" \/><input type=\"hidden\" name=\"intl_tel-635-cf7it-country-name\" class=\"wpcf7-intl-tel-country-name\" \/><input type=\"hidden\" name=\"intl_tel-635-cf7it-country-code\" class=\"wpcf7-intl-tel-country-code\" \/><input type=\"hidden\" name=\"intl_tel-635-cf7it-country-iso2\" class=\"wpcf7-intl-tel-country-iso2\" \/><\/span><br \/>\n<span class=\"wpcf7-form-control-wrap\" data-name=\"acceptance-651\"><span class=\"wpcf7-form-control wpcf7-acceptance\"><span class=\"wpcf7-list-item\"><label><input type=\"checkbox\" name=\"acceptance-651\" value=\"1\" aria-invalid=\"false\" \/><span class=\"wpcf7-list-item-label\">Acepto t\u00e9rminos y condiciones<\/span><\/label><\/span><\/span><\/span>\n<\/p>\n<p><input class=\"wpcf7-form-control wpcf7-submit has-spinner\" type=\"submit\" value=\"Contacta ahora\" \/>\n<\/p>\n<style>.wpcf7-form input[type=\"text\"], input[type=\"email\"], input[type=\"url\"], input[type=\"password\"], input[type=\"search\"], input[type=\"number\"], input[type=\"tel\"], input[type=\"range\"], input[type=\"date\"], input[type=\"month\"], input[type=\"week\"], input[type=\"time\"], input[type=\"datetime\"], input[type=\"datetime-local\"], input[type=\"color\"], select, textarea {width:100% !important;}\n<\/style><div class=\"wpcf7-response-output\" aria-hidden=\"true\"><\/div>\n<\/form>\n<\/div>\n            <\/div>\n\n        \t\t\t\t<\/div>\n\t\t\t\t<\/div>\n\t\t\t\t\t<\/div>\n\t\t<\/div>\n\t\t\t\t\t<\/div>\n\t\t<\/section>\n\t\t\t\t\t<\/div>\n\t\t<\/div>\n\t\t\t\t<div class=\"has_eae_slider elementor-column elementor-col-66 elementor-top-column elementor-element elementor-element-46b6f775\" data-eae-slider=\"27905\" data-id=\"46b6f775\" data-element_type=\"column\" data-e-type=\"column\">\n\t\t\t<div class=\"elementor-widget-wrap\">\n\t\t\t\t\t\t\t<\/div>\n\t\t<\/div>\n\t\t\t\t\t<\/div>\n\t\t<\/section>\n\t\t\t\t<\/div>\n\t\t","protected":false},"excerpt":{"rendered":"<p>CipherBond Utiliza el Est\u00e1ndar m\u00e1s Avanzado de Encriptaci\u00f3n CipherBond no es una VPN, ni un Antivirus, es una plataforma de comunicaci\u00f3n que usa un cifrado AES-256. El Advanced Encryption Standard (AES) es un esquema de cifrado por bloques adoptado y aprobado por el gobierno de los Estados Unidos. La Agencia Nacional de Seguridad (NSA) lo&hellip;&nbsp;<a href=\"https:\/\/invezt.co\/kaymera\/cipherbond\/cipherbond-tecnologia\/\" rel=\"bookmark\">Leer m\u00e1s &raquo;<span class=\"screen-reader-text\">CipherBond Tecnolog\u00eda<\/span><\/a><\/p>\n","protected":false},"author":1,"featured_media":0,"parent":2058,"menu_order":0,"comment_status":"closed","ping_status":"closed","template":"elementor_header_footer","meta":{"neve_meta_sidebar":"full-width","neve_meta_container":"","neve_meta_enable_content_width":"on","neve_meta_content_width":100,"neve_meta_title_alignment":"","neve_meta_author_avatar":"","neve_post_elements_order":"","neve_meta_disable_header":"","neve_meta_disable_footer":"","neve_meta_disable_title":"on","footnotes":""},"class_list":["post-2060","page","type-page","status-publish","hentry"],"yoast_head":"<!-- This site is optimized with the Yoast SEO plugin v27.1.1 - https:\/\/yoast.com\/product\/yoast-seo-wordpress\/ -->\n<title>CipherBond Tecnolog\u00eda - Kaymera<\/title>\n<meta name=\"robots\" content=\"index, follow, max-snippet:-1, max-image-preview:large, max-video-preview:-1\" \/>\n<link rel=\"canonical\" href=\"https:\/\/invezt.co\/kaymera\/cipherbond\/cipherbond-tecnologia\/\" \/>\n<meta property=\"og:locale\" content=\"es_ES\" \/>\n<meta property=\"og:type\" content=\"article\" \/>\n<meta property=\"og:title\" content=\"CipherBond Tecnolog\u00eda - Kaymera\" \/>\n<meta property=\"og:description\" content=\"CipherBond Utiliza el Est\u00e1ndar m\u00e1s Avanzado de Encriptaci\u00f3n CipherBond no es una VPN, ni un Antivirus, es una plataforma de comunicaci\u00f3n que usa un cifrado AES-256. El Advanced Encryption Standard (AES) es un esquema de cifrado por bloques adoptado y aprobado por el gobierno de los Estados Unidos. La Agencia Nacional de Seguridad (NSA) lo&hellip;&nbsp;Leer m\u00e1s &raquo;CipherBond Tecnolog\u00eda\" \/>\n<meta property=\"og:url\" content=\"https:\/\/invezt.co\/kaymera\/cipherbond\/cipherbond-tecnologia\/\" \/>\n<meta property=\"og:site_name\" content=\"Kaymera\" \/>\n<meta property=\"article:modified_time\" content=\"2022-03-24T19:05:32+00:00\" \/>\n<meta property=\"og:image\" content=\"https:\/\/invezt.co\/kaymera\/wp-content\/uploads\/2020\/08\/topsecret.png\" \/>\n<meta name=\"twitter:card\" content=\"summary_large_image\" \/>\n<meta name=\"twitter:label1\" content=\"Tiempo de lectura\" \/>\n\t<meta name=\"twitter:data1\" content=\"3 minutos\" \/>\n<script type=\"application\/ld+json\" class=\"yoast-schema-graph\">{\"@context\":\"https:\/\/schema.org\",\"@graph\":[{\"@type\":\"WebPage\",\"@id\":\"https:\/\/invezt.co\/kaymera\/cipherbond\/cipherbond-tecnologia\/\",\"url\":\"https:\/\/invezt.co\/kaymera\/cipherbond\/cipherbond-tecnologia\/\",\"name\":\"CipherBond Tecnolog\u00eda - Kaymera\",\"isPartOf\":{\"@id\":\"https:\/\/invezt.co\/kaymera\/#website\"},\"primaryImageOfPage\":{\"@id\":\"https:\/\/invezt.co\/kaymera\/cipherbond\/cipherbond-tecnologia\/#primaryimage\"},\"image\":{\"@id\":\"https:\/\/invezt.co\/kaymera\/cipherbond\/cipherbond-tecnologia\/#primaryimage\"},\"thumbnailUrl\":\"https:\/\/invezt.co\/kaymera\/wp-content\/uploads\/2020\/08\/topsecret.png\",\"datePublished\":\"2020-08-20T19:30:22+00:00\",\"dateModified\":\"2022-03-24T19:05:32+00:00\",\"breadcrumb\":{\"@id\":\"https:\/\/invezt.co\/kaymera\/cipherbond\/cipherbond-tecnologia\/#breadcrumb\"},\"inLanguage\":\"es\",\"potentialAction\":[{\"@type\":\"ReadAction\",\"target\":[\"https:\/\/invezt.co\/kaymera\/cipherbond\/cipherbond-tecnologia\/\"]}]},{\"@type\":\"ImageObject\",\"inLanguage\":\"es\",\"@id\":\"https:\/\/invezt.co\/kaymera\/cipherbond\/cipherbond-tecnologia\/#primaryimage\",\"url\":\"https:\/\/invezt.co\/kaymera\/wp-content\/uploads\/2020\/08\/topsecret.png\",\"contentUrl\":\"https:\/\/invezt.co\/kaymera\/wp-content\/uploads\/2020\/08\/topsecret.png\"},{\"@type\":\"BreadcrumbList\",\"@id\":\"https:\/\/invezt.co\/kaymera\/cipherbond\/cipherbond-tecnologia\/#breadcrumb\",\"itemListElement\":[{\"@type\":\"ListItem\",\"position\":1,\"name\":\"Portada\",\"item\":\"https:\/\/invezt.co\/kaymera\/\"},{\"@type\":\"ListItem\",\"position\":2,\"name\":\"CipherBond\",\"item\":\"https:\/\/invezt.co\/kaymera\/cipherbond\/\"},{\"@type\":\"ListItem\",\"position\":3,\"name\":\"CipherBond Tecnolog\u00eda\"}]},{\"@type\":\"WebSite\",\"@id\":\"https:\/\/invezt.co\/kaymera\/#website\",\"url\":\"https:\/\/invezt.co\/kaymera\/\",\"name\":\"Kaymera\",\"description\":\"High-end mobile security\",\"publisher\":{\"@id\":\"https:\/\/invezt.co\/kaymera\/#organization\"},\"potentialAction\":[{\"@type\":\"SearchAction\",\"target\":{\"@type\":\"EntryPoint\",\"urlTemplate\":\"https:\/\/invezt.co\/kaymera\/?s={search_term_string}\"},\"query-input\":{\"@type\":\"PropertyValueSpecification\",\"valueRequired\":true,\"valueName\":\"search_term_string\"}}],\"inLanguage\":\"es\"},{\"@type\":\"Organization\",\"@id\":\"https:\/\/invezt.co\/kaymera\/#organization\",\"name\":\"Kaymera By Invezt.co\",\"url\":\"https:\/\/invezt.co\/kaymera\/\",\"logo\":{\"@type\":\"ImageObject\",\"inLanguage\":\"es\",\"@id\":\"https:\/\/invezt.co\/kaymera\/#\/schema\/logo\/image\/\",\"url\":\"https:\/\/invezt.co\/kaymera\/wp-content\/uploads\/2022\/04\/cropped-favicon-1.png\",\"contentUrl\":\"https:\/\/invezt.co\/kaymera\/wp-content\/uploads\/2022\/04\/cropped-favicon-1.png\",\"width\":512,\"height\":512,\"caption\":\"Kaymera By Invezt.co\"},\"image\":{\"@id\":\"https:\/\/invezt.co\/kaymera\/#\/schema\/logo\/image\/\"}}]}<\/script>\n<!-- \/ Yoast SEO plugin. -->","yoast_head_json":{"title":"CipherBond Tecnolog\u00eda - Kaymera","robots":{"index":"index","follow":"follow","max-snippet":"max-snippet:-1","max-image-preview":"max-image-preview:large","max-video-preview":"max-video-preview:-1"},"canonical":"https:\/\/invezt.co\/kaymera\/cipherbond\/cipherbond-tecnologia\/","og_locale":"es_ES","og_type":"article","og_title":"CipherBond Tecnolog\u00eda - Kaymera","og_description":"CipherBond Utiliza el Est\u00e1ndar m\u00e1s Avanzado de Encriptaci\u00f3n CipherBond no es una VPN, ni un Antivirus, es una plataforma de comunicaci\u00f3n que usa un cifrado AES-256. El Advanced Encryption Standard (AES) es un esquema de cifrado por bloques adoptado y aprobado por el gobierno de los Estados Unidos. La Agencia Nacional de Seguridad (NSA) lo&hellip;&nbsp;Leer m\u00e1s &raquo;CipherBond Tecnolog\u00eda","og_url":"https:\/\/invezt.co\/kaymera\/cipherbond\/cipherbond-tecnologia\/","og_site_name":"Kaymera","article_modified_time":"2022-03-24T19:05:32+00:00","og_image":[{"url":"https:\/\/invezt.co\/kaymera\/wp-content\/uploads\/2020\/08\/topsecret.png","type":"","width":"","height":""}],"twitter_card":"summary_large_image","twitter_misc":{"Tiempo de lectura":"3 minutos"},"schema":{"@context":"https:\/\/schema.org","@graph":[{"@type":"WebPage","@id":"https:\/\/invezt.co\/kaymera\/cipherbond\/cipherbond-tecnologia\/","url":"https:\/\/invezt.co\/kaymera\/cipherbond\/cipherbond-tecnologia\/","name":"CipherBond Tecnolog\u00eda - Kaymera","isPartOf":{"@id":"https:\/\/invezt.co\/kaymera\/#website"},"primaryImageOfPage":{"@id":"https:\/\/invezt.co\/kaymera\/cipherbond\/cipherbond-tecnologia\/#primaryimage"},"image":{"@id":"https:\/\/invezt.co\/kaymera\/cipherbond\/cipherbond-tecnologia\/#primaryimage"},"thumbnailUrl":"https:\/\/invezt.co\/kaymera\/wp-content\/uploads\/2020\/08\/topsecret.png","datePublished":"2020-08-20T19:30:22+00:00","dateModified":"2022-03-24T19:05:32+00:00","breadcrumb":{"@id":"https:\/\/invezt.co\/kaymera\/cipherbond\/cipherbond-tecnologia\/#breadcrumb"},"inLanguage":"es","potentialAction":[{"@type":"ReadAction","target":["https:\/\/invezt.co\/kaymera\/cipherbond\/cipherbond-tecnologia\/"]}]},{"@type":"ImageObject","inLanguage":"es","@id":"https:\/\/invezt.co\/kaymera\/cipherbond\/cipherbond-tecnologia\/#primaryimage","url":"https:\/\/invezt.co\/kaymera\/wp-content\/uploads\/2020\/08\/topsecret.png","contentUrl":"https:\/\/invezt.co\/kaymera\/wp-content\/uploads\/2020\/08\/topsecret.png"},{"@type":"BreadcrumbList","@id":"https:\/\/invezt.co\/kaymera\/cipherbond\/cipherbond-tecnologia\/#breadcrumb","itemListElement":[{"@type":"ListItem","position":1,"name":"Portada","item":"https:\/\/invezt.co\/kaymera\/"},{"@type":"ListItem","position":2,"name":"CipherBond","item":"https:\/\/invezt.co\/kaymera\/cipherbond\/"},{"@type":"ListItem","position":3,"name":"CipherBond Tecnolog\u00eda"}]},{"@type":"WebSite","@id":"https:\/\/invezt.co\/kaymera\/#website","url":"https:\/\/invezt.co\/kaymera\/","name":"Kaymera","description":"High-end mobile security","publisher":{"@id":"https:\/\/invezt.co\/kaymera\/#organization"},"potentialAction":[{"@type":"SearchAction","target":{"@type":"EntryPoint","urlTemplate":"https:\/\/invezt.co\/kaymera\/?s={search_term_string}"},"query-input":{"@type":"PropertyValueSpecification","valueRequired":true,"valueName":"search_term_string"}}],"inLanguage":"es"},{"@type":"Organization","@id":"https:\/\/invezt.co\/kaymera\/#organization","name":"Kaymera By Invezt.co","url":"https:\/\/invezt.co\/kaymera\/","logo":{"@type":"ImageObject","inLanguage":"es","@id":"https:\/\/invezt.co\/kaymera\/#\/schema\/logo\/image\/","url":"https:\/\/invezt.co\/kaymera\/wp-content\/uploads\/2022\/04\/cropped-favicon-1.png","contentUrl":"https:\/\/invezt.co\/kaymera\/wp-content\/uploads\/2022\/04\/cropped-favicon-1.png","width":512,"height":512,"caption":"Kaymera By Invezt.co"},"image":{"@id":"https:\/\/invezt.co\/kaymera\/#\/schema\/logo\/image\/"}}]}},"_links":{"self":[{"href":"https:\/\/invezt.co\/kaymera\/wp-json\/wp\/v2\/pages\/2060","targetHints":{"allow":["GET"]}}],"collection":[{"href":"https:\/\/invezt.co\/kaymera\/wp-json\/wp\/v2\/pages"}],"about":[{"href":"https:\/\/invezt.co\/kaymera\/wp-json\/wp\/v2\/types\/page"}],"author":[{"embeddable":true,"href":"https:\/\/invezt.co\/kaymera\/wp-json\/wp\/v2\/users\/1"}],"replies":[{"embeddable":true,"href":"https:\/\/invezt.co\/kaymera\/wp-json\/wp\/v2\/comments?post=2060"}],"version-history":[{"count":0,"href":"https:\/\/invezt.co\/kaymera\/wp-json\/wp\/v2\/pages\/2060\/revisions"}],"up":[{"embeddable":true,"href":"https:\/\/invezt.co\/kaymera\/wp-json\/wp\/v2\/pages\/2058"}],"wp:attachment":[{"href":"https:\/\/invezt.co\/kaymera\/wp-json\/wp\/v2\/media?parent=2060"}],"curies":[{"name":"wp","href":"https:\/\/api.w.org\/{rel}","templated":true}]}}