{"id":606,"date":"2022-10-27T04:03:26","date_gmt":"2022-10-27T04:03:26","guid":{"rendered":"https:\/\/invezt.co\/Globtel-AIR-TV\/?page_id=606"},"modified":"2022-10-27T22:15:38","modified_gmt":"2022-10-27T22:15:38","slug":"soluciones","status":"publish","type":"page","link":"https:\/\/invezt.co\/Globtel-AIR-TV\/soluciones\/","title":{"rendered":"Soluciones"},"content":{"rendered":"\t\t<div data-elementor-type=\"wp-page\" data-elementor-id=\"606\" class=\"elementor elementor-606\">\n\t\t\t\t\t\t<section class=\"elementor-section elementor-top-section elementor-element elementor-element-39badc9 elementor-section-full_width elementor-section-height-min-height elementor-section-height-default elementor-section-items-middle\" data-id=\"39badc9\" data-element_type=\"section\" data-settings=\"{&quot;background_background&quot;:&quot;classic&quot;}\">\n\t\t\t\t\t\t\t<div class=\"elementor-background-overlay\"><\/div>\n\t\t\t\t\t\t\t<div class=\"elementor-container elementor-column-gap-default\">\n\t\t\t\t\t<div class=\"elementor-column elementor-col-100 elementor-top-column elementor-element elementor-element-6e354b7b\" data-id=\"6e354b7b\" data-element_type=\"column\">\n\t\t\t<div class=\"elementor-widget-wrap elementor-element-populated\">\n\t\t\t\t\t\t<section class=\"elementor-section elementor-inner-section elementor-element elementor-element-6569baba elementor-section-boxed elementor-section-height-default elementor-section-height-default\" data-id=\"6569baba\" data-element_type=\"section\">\n\t\t\t\t\t\t<div class=\"elementor-container elementor-column-gap-default\">\n\t\t\t\t\t<div class=\"elementor-column elementor-col-50 elementor-inner-column elementor-element elementor-element-669700c3\" data-id=\"669700c3\" data-element_type=\"column\" data-settings=\"{&quot;animation&quot;:&quot;none&quot;}\">\n\t\t\t<div class=\"elementor-widget-wrap elementor-element-populated\">\n\t\t\t\t\t\t<div class=\"elementor-element elementor-element-2597870d elementor-invisible elementor-widget elementor-widget-heading\" data-id=\"2597870d\" data-element_type=\"widget\" data-settings=\"{&quot;_animation&quot;:&quot;fadeInUp&quot;}\" data-widget_type=\"heading.default\">\n\t\t\t\t<div class=\"elementor-widget-container\">\n\t\t\t\t\t<h2 class=\"elementor-heading-title elementor-size-default\">Soluciones \u00c5ir Gigaray<\/h2>\t\t\t\t<\/div>\n\t\t\t\t<\/div>\n\t\t\t\t<div class=\"elementor-element elementor-element-63f2cd1b elementor-invisible elementor-widget elementor-widget-text-editor\" data-id=\"63f2cd1b\" data-element_type=\"widget\" data-settings=\"{&quot;_animation&quot;:&quot;fadeInUp&quot;}\" data-widget_type=\"text-editor.default\">\n\t\t\t\t<div class=\"elementor-widget-container\">\n\t\t\t\t\t\t\t\t\t<p>La soluci\u00f3n multiplay y de banda ancha de alta velocidad de \u00c5IR Gigaray es una soluci\u00f3n gigabit de \u00faltima milla para el transporte bidireccional de servicios de televisi\u00f3n, Internet y VoIP.<\/p>\t\t\t\t\t\t\t\t<\/div>\n\t\t\t\t<\/div>\n\t\t\t\t<div class=\"elementor-element elementor-element-1c39e43b ocs-trigger ocs-toggle ocs-toggle-contacto elementor-widget elementor-widget-button\" data-id=\"1c39e43b\" data-element_type=\"widget\" data-widget_type=\"button.default\">\n\t\t\t\t<div class=\"elementor-widget-container\">\n\t\t\t\t\t\t\t\t\t<div class=\"elementor-button-wrapper\">\n\t\t\t\t\t<a class=\"elementor-button elementor-button-link elementor-size-sm\" href=\"#\">\n\t\t\t\t\t\t<span class=\"elementor-button-content-wrapper\">\n\t\t\t\t\t\t\t\t\t<span class=\"elementor-button-text\">Cont\u00e1ctanos<\/span>\n\t\t\t\t\t<\/span>\n\t\t\t\t\t<\/a>\n\t\t\t\t<\/div>\n\t\t\t\t\t\t\t\t<\/div>\n\t\t\t\t<\/div>\n\t\t\t\t\t<\/div>\n\t\t<\/div>\n\t\t\t\t<div class=\"elementor-column elementor-col-50 elementor-inner-column elementor-element elementor-element-3c87deef\" data-id=\"3c87deef\" data-element_type=\"column\">\n\t\t\t<div class=\"elementor-widget-wrap\">\n\t\t\t\t\t\t\t<\/div>\n\t\t<\/div>\n\t\t\t\t\t<\/div>\n\t\t<\/section>\n\t\t\t\t\t<\/div>\n\t\t<\/div>\n\t\t\t\t\t<\/div>\n\t\t<\/section>\n\t\t\t\t<section class=\"elementor-section elementor-top-section elementor-element elementor-element-14594b2c elementor-section-boxed elementor-section-height-default elementor-section-height-default\" data-id=\"14594b2c\" data-element_type=\"section\" data-settings=\"{&quot;background_background&quot;:&quot;classic&quot;}\">\n\t\t\t\t\t\t<div class=\"elementor-container elementor-column-gap-default\">\n\t\t\t\t\t<div class=\"elementor-column elementor-col-100 elementor-top-column elementor-element elementor-element-398e8c13\" data-id=\"398e8c13\" data-element_type=\"column\">\n\t\t\t<div class=\"elementor-widget-wrap elementor-element-populated\">\n\t\t\t\t\t\t<div class=\"elementor-element elementor-element-1157945b elementor-widget elementor-widget-spacer\" data-id=\"1157945b\" data-element_type=\"widget\" data-widget_type=\"spacer.default\">\n\t\t\t\t<div class=\"elementor-widget-container\">\n\t\t\t\t\t\t\t<div class=\"elementor-spacer\">\n\t\t\t<div class=\"elementor-spacer-inner\"><\/div>\n\t\t<\/div>\n\t\t\t\t\t\t<\/div>\n\t\t\t\t<\/div>\n\t\t\t\t\t<\/div>\n\t\t<\/div>\n\t\t\t\t\t<\/div>\n\t\t<\/section>\n\t\t\t\t<section class=\"elementor-section elementor-top-section elementor-element elementor-element-46fe2754 elementor-section-boxed elementor-section-height-default elementor-section-height-default\" data-id=\"46fe2754\" data-element_type=\"section\" data-settings=\"{&quot;background_background&quot;:&quot;classic&quot;}\">\n\t\t\t\t\t\t<div class=\"elementor-container elementor-column-gap-default\">\n\t\t\t\t\t<div class=\"elementor-column elementor-col-50 elementor-top-column elementor-element elementor-element-5ee0e90e\" data-id=\"5ee0e90e\" data-element_type=\"column\">\n\t\t\t<div class=\"elementor-widget-wrap elementor-element-populated\">\n\t\t\t\t\t\t<div class=\"elementor-element elementor-element-2a7f576e elementor-widget elementor-widget-text-editor\" data-id=\"2a7f576e\" data-element_type=\"widget\" data-widget_type=\"text-editor.default\">\n\t\t\t\t<div class=\"elementor-widget-container\">\n\t\t\t\t\t\t\t\t\t<span style=\"background: linear-gradient(267.02deg, #452a57 -1.14%, #c13663 100.16%); -webkit-background-clip: text; -webkit-text-fill-color: transparent; display: inline-block;\">La tecnolog\u00eda \u00c5IR permite que los proveedores de servicios est\u00e9n operativos en un tiempo mucho m\u00e1s corto en comparaci\u00f3n con las implementaciones de l\u00ednea al\u00e1mbrica y tener acceso rentable a banda ancha de alta velocidad sin inversiones a gran escala.<\/span>\t\t\t\t\t\t\t\t<\/div>\n\t\t\t\t<\/div>\n\t\t\t\t\t<\/div>\n\t\t<\/div>\n\t\t\t\t<div class=\"elementor-column elementor-col-50 elementor-top-column elementor-element elementor-element-baa2c19\" data-id=\"baa2c19\" data-element_type=\"column\">\n\t\t\t<div class=\"elementor-widget-wrap\">\n\t\t\t\t\t\t\t<\/div>\n\t\t<\/div>\n\t\t\t\t\t<\/div>\n\t\t<\/section>\n\t\t\t\t<section class=\"elementor-section elementor-top-section elementor-element elementor-element-480577f elementor-section-boxed elementor-section-height-default elementor-section-height-default\" data-id=\"480577f\" data-element_type=\"section\" data-settings=\"{&quot;background_background&quot;:&quot;classic&quot;}\">\n\t\t\t\t\t\t<div class=\"elementor-container elementor-column-gap-default\">\n\t\t\t\t\t<div class=\"elementor-column elementor-col-100 elementor-top-column elementor-element elementor-element-67e79e7\" data-id=\"67e79e7\" data-element_type=\"column\">\n\t\t\t<div class=\"elementor-widget-wrap\">\n\t\t\t\t\t\t\t<\/div>\n\t\t<\/div>\n\t\t\t\t\t<\/div>\n\t\t<\/section>\n\t\t\t\t<section class=\"elementor-section elementor-top-section elementor-element elementor-element-81650c8 elementor-section-boxed elementor-section-height-default elementor-section-height-default\" data-id=\"81650c8\" data-element_type=\"section\" data-settings=\"{&quot;background_background&quot;:&quot;classic&quot;}\">\n\t\t\t\t\t\t<div class=\"elementor-container elementor-column-gap-default\">\n\t\t\t\t\t<div class=\"elementor-column elementor-col-50 elementor-top-column elementor-element elementor-element-6bd527a\" data-id=\"6bd527a\" data-element_type=\"column\">\n\t\t\t<div class=\"elementor-widget-wrap elementor-element-populated\">\n\t\t\t\t\t\t<div class=\"elementor-element elementor-element-65f1924 elementor-widget elementor-widget-text-editor\" data-id=\"65f1924\" data-element_type=\"widget\" data-widget_type=\"text-editor.default\">\n\t\t\t\t<div class=\"elementor-widget-container\">\n\t\t\t\t\t\t\t\t\t<span style=\"background: linear-gradient(267.02deg, #452a57 -1.14%, #c13663 100.16%); -webkit-background-clip: text; -webkit-text-fill-color: transparent; display: inline-block;\">Frecuencias m\u00e1s comunes<\/span>\t\t\t\t\t\t\t\t<\/div>\n\t\t\t\t<\/div>\n\t\t\t\t\t<\/div>\n\t\t<\/div>\n\t\t\t\t<div class=\"elementor-column elementor-col-50 elementor-top-column elementor-element elementor-element-af105ae\" data-id=\"af105ae\" data-element_type=\"column\">\n\t\t\t<div class=\"elementor-widget-wrap\">\n\t\t\t\t\t\t\t<\/div>\n\t\t<\/div>\n\t\t\t\t\t<\/div>\n\t\t<\/section>\n\t\t\t\t<section class=\"elementor-section elementor-top-section elementor-element elementor-element-1e9f1b9a elementor-section-boxed elementor-section-height-default elementor-section-height-default\" data-id=\"1e9f1b9a\" data-element_type=\"section\" data-settings=\"{&quot;background_background&quot;:&quot;classic&quot;}\">\n\t\t\t\t\t\t<div class=\"elementor-container elementor-column-gap-default\">\n\t\t\t\t\t<div class=\"elementor-column elementor-col-100 elementor-top-column elementor-element elementor-element-45251817\" data-id=\"45251817\" data-element_type=\"column\">\n\t\t\t<div class=\"elementor-widget-wrap elementor-element-populated\">\n\t\t\t\t\t\t<section class=\"elementor-section elementor-inner-section elementor-element elementor-element-b2eff7c elementor-section-boxed elementor-section-height-default elementor-section-height-default\" data-id=\"b2eff7c\" data-element_type=\"section\">\n\t\t\t\t\t\t<div class=\"elementor-container elementor-column-gap-default\">\n\t\t\t\t\t<div class=\"elementor-column elementor-col-50 elementor-inner-column elementor-element elementor-element-41d28c7a\" data-id=\"41d28c7a\" data-element_type=\"column\">\n\t\t\t<div class=\"elementor-widget-wrap elementor-element-populated\">\n\t\t\t\t\t\t<div class=\"elementor-element elementor-element-3c20072b elementor-widget elementor-widget-text-editor\" data-id=\"3c20072b\" data-element_type=\"widget\" data-widget_type=\"text-editor.default\">\n\t\t\t\t<div class=\"elementor-widget-container\">\n\t\t\t\t\t\t\t\t\t<p><strong><span style=\"color: #000000;\">Greenfield<\/span><\/strong><\/p><p><span style=\"color: #000000;\">La combinaci\u00f3n \u00fanica de largo alcance y alta capacidad hace que la soluci\u00f3n \u00c5IR sea la elecci\u00f3n perfecta para todo tipo de entornos. El sistema \u00c5IR est\u00e1 dise\u00f1ado para ser igualmente efectivo cuando se implementa en \u00e1reas urbanas, suburbanas o rurales.<\/span><\/p>\t\t\t\t\t\t\t\t<\/div>\n\t\t\t\t<\/div>\n\t\t\t\t\t<\/div>\n\t\t<\/div>\n\t\t\t\t<div class=\"elementor-column elementor-col-50 elementor-inner-column elementor-element elementor-element-3a3101f\" data-id=\"3a3101f\" data-element_type=\"column\">\n\t\t\t<div class=\"elementor-widget-wrap elementor-element-populated\">\n\t\t\t\t\t\t<div class=\"elementor-element elementor-element-6aad5e39 elementor-widget elementor-widget-text-editor\" data-id=\"6aad5e39\" data-element_type=\"widget\" data-widget_type=\"text-editor.default\">\n\t\t\t\t<div class=\"elementor-widget-container\">\n\t\t\t\t\t\t\t\t\t<p><strong><span style=\"color: #000000;\">Expansi\u00f3n de cables<\/span><\/strong><\/p><p><span style=\"color: #000000;\">La expansi\u00f3n de una planta de cable a \u00e1reas nuevas siempre requiere mucho tiempo y es costosa. Mientras tanto, \u00c5IR puede integrarse perfectamente en una red de cable existente, ya que utiliza equipos DOCSIS est\u00e1ndar tanto en la transmisi\u00f3n como en el lado del cliente final.<\/span><\/p>\t\t\t\t\t\t\t\t<\/div>\n\t\t\t\t<\/div>\n\t\t\t\t\t<\/div>\n\t\t<\/div>\n\t\t\t\t\t<\/div>\n\t\t<\/section>\n\t\t\t\t<section class=\"elementor-section elementor-inner-section elementor-element elementor-element-666f675f elementor-section-boxed elementor-section-height-default elementor-section-height-default\" data-id=\"666f675f\" data-element_type=\"section\">\n\t\t\t\t\t\t<div class=\"elementor-container elementor-column-gap-default\">\n\t\t\t\t\t<div class=\"elementor-column elementor-col-50 elementor-inner-column elementor-element elementor-element-319db968\" data-id=\"319db968\" data-element_type=\"column\">\n\t\t\t<div class=\"elementor-widget-wrap elementor-element-populated\">\n\t\t\t\t\t\t<div class=\"elementor-element elementor-element-47fa28f1 elementor-widget elementor-widget-text-editor\" data-id=\"47fa28f1\" data-element_type=\"widget\" data-widget_type=\"text-editor.default\">\n\t\t\t\t<div class=\"elementor-widget-container\">\n\t\t\t\t\t\t\t\t\t<p><strong><span style=\"color: #000000;\">M\u00f3vil pasa a fijo \/ Multiplay<\/span><\/strong><\/p><p><span style=\"color: #000000;\">\u00c5IR es una soluci\u00f3n ideal para operadores m\u00f3viles que desean brindar un servicio de banda ancha independiente y de alto rendimiento con conexiones de alta capacidad, contenido de TV y otros servicios IP exigentes.<\/span><\/p>\t\t\t\t\t\t\t\t<\/div>\n\t\t\t\t<\/div>\n\t\t\t\t\t<\/div>\n\t\t<\/div>\n\t\t\t\t<div class=\"elementor-column elementor-col-50 elementor-inner-column elementor-element elementor-element-76fd5b82\" data-id=\"76fd5b82\" data-element_type=\"column\">\n\t\t\t<div class=\"elementor-widget-wrap elementor-element-populated\">\n\t\t\t\t\t\t<div class=\"elementor-element elementor-element-44fe0a92 elementor-widget elementor-widget-text-editor\" data-id=\"44fe0a92\" data-element_type=\"widget\" data-widget_type=\"text-editor.default\">\n\t\t\t\t<div class=\"elementor-widget-container\">\n\t\t\t\t\t\t\t\t\t<p><strong><span style=\"color: #000000;\">Reemplazo de DSL<\/span><\/strong><\/p><p><span style=\"color: #000000;\">La l\u00ednea de suscriptor digital o DSL es una forma de conexi\u00f3n a Internet que utiliza las l\u00edneas telef\u00f3nicas de cobre existentes para proporcionar acceso a Internet. Solo los clientes que tienen un tel\u00e9fono fijo pueden conectarse a DSL a trav\u00e9s de una compa\u00f1\u00eda telef\u00f3nica.<\/span><\/p>\t\t\t\t\t\t\t\t<\/div>\n\t\t\t\t<\/div>\n\t\t\t\t\t<\/div>\n\t\t<\/div>\n\t\t\t\t\t<\/div>\n\t\t<\/section>\n\t\t\t\t<section class=\"elementor-section elementor-inner-section elementor-element elementor-element-31800e51 elementor-section-boxed elementor-section-height-default elementor-section-height-default\" data-id=\"31800e51\" data-element_type=\"section\">\n\t\t\t\t\t\t<div class=\"elementor-container elementor-column-gap-default\">\n\t\t\t\t\t<div class=\"elementor-column elementor-col-50 elementor-inner-column elementor-element elementor-element-114b5959\" data-id=\"114b5959\" data-element_type=\"column\">\n\t\t\t<div class=\"elementor-widget-wrap elementor-element-populated\">\n\t\t\t\t\t\t<div class=\"elementor-element elementor-element-53d35cfb elementor-widget elementor-widget-text-editor\" data-id=\"53d35cfb\" data-element_type=\"widget\" data-widget_type=\"text-editor.default\">\n\t\t\t\t<div class=\"elementor-widget-container\">\n\t\t\t\t\t\t\t\t\t<p><strong><span style=\"color: #000000;\">Red de retorno<\/span><\/strong><\/p><p><span style=\"color: #000000;\">\u00c5IR tambi\u00e9n se puede utilizar como red de retorno a otras redes inal\u00e1mbricas (Wi-Fi, LTE) o HFC, que comparten una capacidad m\u00e1xima de transceptor \u00c5IR de esta manera.<\/span><\/p>\t\t\t\t\t\t\t\t<\/div>\n\t\t\t\t<\/div>\n\t\t\t\t\t<\/div>\n\t\t<\/div>\n\t\t\t\t<div class=\"elementor-column elementor-col-50 elementor-inner-column elementor-element elementor-element-540c651e\" data-id=\"540c651e\" data-element_type=\"column\">\n\t\t\t<div class=\"elementor-widget-wrap\">\n\t\t\t\t\t\t\t<\/div>\n\t\t<\/div>\n\t\t\t\t\t<\/div>\n\t\t<\/section>\n\t\t\t\t<div class=\"elementor-element elementor-element-6f122165 ocs-trigger ocs-toggle ocs-toggle-contacto elementor-widget elementor-widget-button\" data-id=\"6f122165\" data-element_type=\"widget\" data-widget_type=\"button.default\">\n\t\t\t\t<div class=\"elementor-widget-container\">\n\t\t\t\t\t\t\t\t\t<div class=\"elementor-button-wrapper\">\n\t\t\t\t\t<a class=\"elementor-button elementor-button-link elementor-size-sm\" href=\"#\">\n\t\t\t\t\t\t<span class=\"elementor-button-content-wrapper\">\n\t\t\t\t\t\t\t\t\t<span class=\"elementor-button-text\">Cont\u00e1ctanos<\/span>\n\t\t\t\t\t<\/span>\n\t\t\t\t\t<\/a>\n\t\t\t\t<\/div>\n\t\t\t\t\t\t\t\t<\/div>\n\t\t\t\t<\/div>\n\t\t\t\t\t<\/div>\n\t\t<\/div>\n\t\t\t\t\t<\/div>\n\t\t<\/section>\n\t\t\t\t<\/div>\n\t\t","protected":false},"excerpt":{"rendered":"<p>Soluciones \u00c5ir Gigaray La soluci\u00f3n multiplay y de banda ancha de alta velocidad de \u00c5IR Gigaray es una soluci\u00f3n gigabit de \u00faltima milla para el transporte bidireccional de servicios de televisi\u00f3n, Internet y VoIP. Cont\u00e1ctanos La tecnolog\u00eda \u00c5IR permite que los proveedores de servicios est\u00e9n operativos en un tiempo mucho m\u00e1s corto en comparaci\u00f3n con &#8230; <a title=\"Soluciones\" class=\"read-more\" href=\"https:\/\/invezt.co\/Globtel-AIR-TV\/soluciones\/\" aria-label=\"Leer m\u00e1s sobre Soluciones\">Leer m\u00e1s<\/a><\/p>\n","protected":false},"author":1,"featured_media":0,"parent":0,"menu_order":0,"comment_status":"closed","ping_status":"closed","template":"elementor_header_footer","meta":{"footnotes":""},"class_list":["post-606","page","type-page","status-publish"],"_links":{"self":[{"href":"https:\/\/invezt.co\/Globtel-AIR-TV\/wp-json\/wp\/v2\/pages\/606","targetHints":{"allow":["GET"]}}],"collection":[{"href":"https:\/\/invezt.co\/Globtel-AIR-TV\/wp-json\/wp\/v2\/pages"}],"about":[{"href":"https:\/\/invezt.co\/Globtel-AIR-TV\/wp-json\/wp\/v2\/types\/page"}],"author":[{"embeddable":true,"href":"https:\/\/invezt.co\/Globtel-AIR-TV\/wp-json\/wp\/v2\/users\/1"}],"replies":[{"embeddable":true,"href":"https:\/\/invezt.co\/Globtel-AIR-TV\/wp-json\/wp\/v2\/comments?post=606"}],"version-history":[{"count":10,"href":"https:\/\/invezt.co\/Globtel-AIR-TV\/wp-json\/wp\/v2\/pages\/606\/revisions"}],"predecessor-version":[{"id":834,"href":"https:\/\/invezt.co\/Globtel-AIR-TV\/wp-json\/wp\/v2\/pages\/606\/revisions\/834"}],"wp:attachment":[{"href":"https:\/\/invezt.co\/Globtel-AIR-TV\/wp-json\/wp\/v2\/media?parent=606"}],"curies":[{"name":"wp","href":"https:\/\/api.w.org\/{rel}","templated":true}]}}