{"id":589,"date":"2022-10-27T01:50:48","date_gmt":"2022-10-27T01:50:48","guid":{"rendered":"https:\/\/invezt.co\/Globtel-AIR-TV\/?page_id=589"},"modified":"2022-10-27T22:14:57","modified_gmt":"2022-10-27T22:14:57","slug":"servicios","status":"publish","type":"page","link":"https:\/\/invezt.co\/Globtel-AIR-TV\/servicios\/","title":{"rendered":"Servicios"},"content":{"rendered":"\t\t<div data-elementor-type=\"wp-page\" data-elementor-id=\"589\" class=\"elementor elementor-589\">\n\t\t\t\t\t\t<section class=\"elementor-section elementor-top-section elementor-element elementor-element-3940e8fe elementor-section-full_width elementor-section-height-min-height elementor-section-height-default elementor-section-items-middle\" data-id=\"3940e8fe\" data-element_type=\"section\" data-settings=\"{&quot;background_background&quot;:&quot;classic&quot;}\">\n\t\t\t\t\t\t\t<div class=\"elementor-background-overlay\"><\/div>\n\t\t\t\t\t\t\t<div class=\"elementor-container elementor-column-gap-default\">\n\t\t\t\t\t<div class=\"elementor-column elementor-col-100 elementor-top-column elementor-element elementor-element-3d853c36\" data-id=\"3d853c36\" data-element_type=\"column\">\n\t\t\t<div class=\"elementor-widget-wrap elementor-element-populated\">\n\t\t\t\t\t\t<section class=\"elementor-section elementor-inner-section elementor-element elementor-element-526ed87e elementor-section-boxed elementor-section-height-default elementor-section-height-default\" data-id=\"526ed87e\" data-element_type=\"section\">\n\t\t\t\t\t\t<div class=\"elementor-container elementor-column-gap-default\">\n\t\t\t\t\t<div class=\"elementor-column elementor-col-50 elementor-inner-column elementor-element elementor-element-2ef9c23a\" data-id=\"2ef9c23a\" data-element_type=\"column\" data-settings=\"{&quot;animation&quot;:&quot;none&quot;}\">\n\t\t\t<div class=\"elementor-widget-wrap elementor-element-populated\">\n\t\t\t\t\t\t<div class=\"elementor-element elementor-element-1e0e5552 elementor-invisible elementor-widget elementor-widget-heading\" data-id=\"1e0e5552\" data-element_type=\"widget\" data-settings=\"{&quot;_animation&quot;:&quot;fadeInUp&quot;}\" data-widget_type=\"heading.default\">\n\t\t\t\t<div class=\"elementor-widget-container\">\n\t\t\t\t\t<h2 class=\"elementor-heading-title elementor-size-default\">Servicios profesionales<\/h2>\t\t\t\t<\/div>\n\t\t\t\t<\/div>\n\t\t\t\t<div class=\"elementor-element elementor-element-383e0ffb elementor-invisible elementor-widget elementor-widget-text-editor\" data-id=\"383e0ffb\" data-element_type=\"widget\" data-settings=\"{&quot;_animation&quot;:&quot;fadeInUp&quot;}\" data-widget_type=\"text-editor.default\">\n\t\t\t\t<div class=\"elementor-widget-container\">\n\t\t\t\t\t\t\t\t\t<p>Nuestro equipo de expertos brinda servicios profesionales a nuestros clientes durante todo el proceso de planificaci\u00f3n e implementaci\u00f3n de la soluci\u00f3n \u00c5IR.<\/p>\t\t\t\t\t\t\t\t<\/div>\n\t\t\t\t<\/div>\n\t\t\t\t<div class=\"elementor-element elementor-element-3a8d3284 ocs-trigger ocs-toggle ocs-toggle-contacto elementor-widget elementor-widget-button\" data-id=\"3a8d3284\" data-element_type=\"widget\" data-widget_type=\"button.default\">\n\t\t\t\t<div class=\"elementor-widget-container\">\n\t\t\t\t\t\t\t\t\t<div class=\"elementor-button-wrapper\">\n\t\t\t\t\t<a class=\"elementor-button elementor-button-link elementor-size-sm\" href=\"#\">\n\t\t\t\t\t\t<span class=\"elementor-button-content-wrapper\">\n\t\t\t\t\t\t\t\t\t<span class=\"elementor-button-text\">Cont\u00e1ctanos<\/span>\n\t\t\t\t\t<\/span>\n\t\t\t\t\t<\/a>\n\t\t\t\t<\/div>\n\t\t\t\t\t\t\t\t<\/div>\n\t\t\t\t<\/div>\n\t\t\t\t\t<\/div>\n\t\t<\/div>\n\t\t\t\t<div class=\"elementor-column elementor-col-50 elementor-inner-column elementor-element elementor-element-3ec6fd0\" data-id=\"3ec6fd0\" data-element_type=\"column\">\n\t\t\t<div class=\"elementor-widget-wrap\">\n\t\t\t\t\t\t\t<\/div>\n\t\t<\/div>\n\t\t\t\t\t<\/div>\n\t\t<\/section>\n\t\t\t\t\t<\/div>\n\t\t<\/div>\n\t\t\t\t\t<\/div>\n\t\t<\/section>\n\t\t\t\t<section class=\"elementor-section elementor-top-section elementor-element elementor-element-1cf58f0a elementor-section-boxed elementor-section-height-default elementor-section-height-default\" data-id=\"1cf58f0a\" data-element_type=\"section\" data-settings=\"{&quot;background_background&quot;:&quot;classic&quot;}\">\n\t\t\t\t\t\t<div class=\"elementor-container elementor-column-gap-default\">\n\t\t\t\t\t<div class=\"elementor-column elementor-col-100 elementor-top-column elementor-element elementor-element-1f5daa5e\" data-id=\"1f5daa5e\" data-element_type=\"column\">\n\t\t\t<div class=\"elementor-widget-wrap elementor-element-populated\">\n\t\t\t\t\t\t<div class=\"elementor-element elementor-element-2990442d elementor-widget elementor-widget-spacer\" data-id=\"2990442d\" data-element_type=\"widget\" data-widget_type=\"spacer.default\">\n\t\t\t\t<div class=\"elementor-widget-container\">\n\t\t\t\t\t\t\t<div class=\"elementor-spacer\">\n\t\t\t<div class=\"elementor-spacer-inner\"><\/div>\n\t\t<\/div>\n\t\t\t\t\t\t<\/div>\n\t\t\t\t<\/div>\n\t\t\t\t\t<\/div>\n\t\t<\/div>\n\t\t\t\t\t<\/div>\n\t\t<\/section>\n\t\t\t\t<section class=\"elementor-section elementor-top-section elementor-element elementor-element-6a268039 elementor-section-boxed elementor-section-height-default elementor-section-height-default\" data-id=\"6a268039\" data-element_type=\"section\" data-settings=\"{&quot;background_background&quot;:&quot;classic&quot;}\">\n\t\t\t\t\t\t<div class=\"elementor-container elementor-column-gap-default\">\n\t\t\t\t\t<div class=\"elementor-column elementor-col-50 elementor-top-column elementor-element elementor-element-6e4bd68f\" data-id=\"6e4bd68f\" data-element_type=\"column\">\n\t\t\t<div class=\"elementor-widget-wrap elementor-element-populated\">\n\t\t\t\t\t\t<div class=\"elementor-element elementor-element-3102e5d1 elementor-widget elementor-widget-text-editor\" data-id=\"3102e5d1\" data-element_type=\"widget\" data-widget_type=\"text-editor.default\">\n\t\t\t\t<div class=\"elementor-widget-container\">\n\t\t\t\t\t\t\t\t\t<span style=\"background: linear-gradient(267.02deg, #452a57 -1.14%, #c13663 100.16%); -webkit-background-clip: text; -webkit-text-fill-color: transparent; display: inline-block;\">Nuestro equipo siempre est\u00e1 listo para ayudar con cualquier desaf\u00edo potencial que pueda surgir, y somos conocidos por encontrar soluciones r\u00e1pidas y eficientes.<\/span>\t\t\t\t\t\t\t\t<\/div>\n\t\t\t\t<\/div>\n\t\t\t\t<div class=\"elementor-element elementor-element-28e5d974 elementor-widget elementor-widget-text-editor\" data-id=\"28e5d974\" data-element_type=\"widget\" data-widget_type=\"text-editor.default\">\n\t\t\t\t<div class=\"elementor-widget-container\">\n\t\t\t\t\t\t\t\t\t<p><span style=\"color: #000000;\">Debido a la amplia experiencia de nuestro personal, ayudamos en la planificaci\u00f3n de redes, planificaci\u00f3n de RF, procedimientos regulatorios, tanto en lo que respecta a licencias de espectro como a otras exigencias regulatorias como aprobaciones de tipo, otras licencias, etc.<\/span><\/p>\t\t\t\t\t\t\t\t<\/div>\n\t\t\t\t<\/div>\n\t\t\t\t\t<\/div>\n\t\t<\/div>\n\t\t\t\t<div class=\"elementor-column elementor-col-50 elementor-top-column elementor-element elementor-element-2ac821b3\" data-id=\"2ac821b3\" data-element_type=\"column\">\n\t\t\t<div class=\"elementor-widget-wrap\">\n\t\t\t\t\t\t\t<\/div>\n\t\t<\/div>\n\t\t\t\t\t<\/div>\n\t\t<\/section>\n\t\t\t\t<section class=\"elementor-section elementor-top-section elementor-element elementor-element-6a1999a4 elementor-section-boxed elementor-section-height-default elementor-section-height-default\" data-id=\"6a1999a4\" data-element_type=\"section\" data-settings=\"{&quot;background_background&quot;:&quot;classic&quot;}\">\n\t\t\t\t\t\t<div class=\"elementor-container elementor-column-gap-default\">\n\t\t\t\t\t<div class=\"elementor-column elementor-col-100 elementor-top-column elementor-element elementor-element-6aa85cb5\" data-id=\"6aa85cb5\" data-element_type=\"column\">\n\t\t\t<div class=\"elementor-widget-wrap elementor-element-populated\">\n\t\t\t\t\t\t<section class=\"elementor-section elementor-inner-section elementor-element elementor-element-3c5d057a elementor-section-boxed elementor-section-height-default elementor-section-height-default\" data-id=\"3c5d057a\" data-element_type=\"section\">\n\t\t\t\t\t\t<div class=\"elementor-container elementor-column-gap-default\">\n\t\t\t\t\t<div class=\"elementor-column elementor-col-50 elementor-inner-column elementor-element elementor-element-13f747c7\" data-id=\"13f747c7\" data-element_type=\"column\">\n\t\t\t<div class=\"elementor-widget-wrap elementor-element-populated\">\n\t\t\t\t\t\t<div class=\"elementor-element elementor-element-6e7efad5 elementor-widget elementor-widget-text-editor\" data-id=\"6e7efad5\" data-element_type=\"widget\" data-widget_type=\"text-editor.default\">\n\t\t\t\t<div class=\"elementor-widget-container\">\n\t\t\t\t\t\t\t\t\t<p><strong><span style=\"color: #000000;\">Soluciones llave en mano<\/span><\/strong><\/p><p><span style=\"color: #000000;\">Nuestras soluciones llave en mano brindan al cliente una soluci\u00f3n t\u00e9cnica de alto nivel, que incluye esquemas de red, estudio de caso, estudio de cobertura y estudio de estabilidad del sistema.<\/span><\/p>\t\t\t\t\t\t\t\t<\/div>\n\t\t\t\t<\/div>\n\t\t\t\t\t<\/div>\n\t\t<\/div>\n\t\t\t\t<div class=\"elementor-column elementor-col-50 elementor-inner-column elementor-element elementor-element-450072a2\" data-id=\"450072a2\" data-element_type=\"column\">\n\t\t\t<div class=\"elementor-widget-wrap elementor-element-populated\">\n\t\t\t\t\t\t<div class=\"elementor-element elementor-element-48c8baf4 elementor-widget elementor-widget-text-editor\" data-id=\"48c8baf4\" data-element_type=\"widget\" data-widget_type=\"text-editor.default\">\n\t\t\t\t<div class=\"elementor-widget-container\">\n\t\t\t\t\t\t\t\t\t<p><span style=\"color: #000000;\"><strong>Estudios de proyectos<\/strong><\/span><\/p><p><span style=\"color: #000000;\">Una vez que se identifica el proyecto y el cliente ha proporcionado los datos b\u00e1sicos, Globtel prepara un estudio integral del proyecto que brinda a nuestro cliente una descripci\u00f3n completa del proyecto en un solo documento.<\/span><\/p>\t\t\t\t\t\t\t\t<\/div>\n\t\t\t\t<\/div>\n\t\t\t\t\t<\/div>\n\t\t<\/div>\n\t\t\t\t\t<\/div>\n\t\t<\/section>\n\t\t\t\t<section class=\"elementor-section elementor-inner-section elementor-element elementor-element-39a8d5ba elementor-section-boxed elementor-section-height-default elementor-section-height-default\" data-id=\"39a8d5ba\" data-element_type=\"section\">\n\t\t\t\t\t\t<div class=\"elementor-container elementor-column-gap-default\">\n\t\t\t\t\t<div class=\"elementor-column elementor-col-50 elementor-inner-column elementor-element elementor-element-2d990a5e\" data-id=\"2d990a5e\" data-element_type=\"column\">\n\t\t\t<div class=\"elementor-widget-wrap elementor-element-populated\">\n\t\t\t\t\t\t<div class=\"elementor-element elementor-element-748d0060 elementor-widget elementor-widget-text-editor\" data-id=\"748d0060\" data-element_type=\"widget\" data-widget_type=\"text-editor.default\">\n\t\t\t\t<div class=\"elementor-widget-container\">\n\t\t\t\t\t\t\t\t\t<p><strong><span style=\"color: #000000;\">Dise\u00f1o de sistemas<\/span><\/strong><\/p><p><span style=\"color: #000000;\">Nuestro servicio de dise\u00f1o de sistemas est\u00e1 orientado a garantizar una experiencia de usuario final \u00f3ptima y puede incluir una gama completa de servicios desde el despliegue de tecnolog\u00eda.<\/span><\/p>\t\t\t\t\t\t\t\t<\/div>\n\t\t\t\t<\/div>\n\t\t\t\t\t<\/div>\n\t\t<\/div>\n\t\t\t\t<div class=\"elementor-column elementor-col-50 elementor-inner-column elementor-element elementor-element-5782170\" data-id=\"5782170\" data-element_type=\"column\">\n\t\t\t<div class=\"elementor-widget-wrap elementor-element-populated\">\n\t\t\t\t\t\t<div class=\"elementor-element elementor-element-253ef6fe elementor-widget elementor-widget-text-editor\" data-id=\"253ef6fe\" data-element_type=\"widget\" data-widget_type=\"text-editor.default\">\n\t\t\t\t<div class=\"elementor-widget-container\">\n\t\t\t\t\t\t\t\t\t<p><strong><span style=\"color: #000000;\">Despliegue<\/span><\/strong><\/p><p><span style=\"color: #000000;\">El despliegue f\u00edsico lo realizan los ingenieros de Globtel junto con los socios locales y el personal del cliente en el sitio.<\/span><\/p>\t\t\t\t\t\t\t\t<\/div>\n\t\t\t\t<\/div>\n\t\t\t\t\t<\/div>\n\t\t<\/div>\n\t\t\t\t\t<\/div>\n\t\t<\/section>\n\t\t\t\t<section class=\"elementor-section elementor-inner-section elementor-element elementor-element-76e04d7e elementor-section-boxed elementor-section-height-default elementor-section-height-default\" data-id=\"76e04d7e\" data-element_type=\"section\">\n\t\t\t\t\t\t<div class=\"elementor-container elementor-column-gap-default\">\n\t\t\t\t\t<div class=\"elementor-column elementor-col-50 elementor-inner-column elementor-element elementor-element-35f7e18c\" data-id=\"35f7e18c\" data-element_type=\"column\">\n\t\t\t<div class=\"elementor-widget-wrap elementor-element-populated\">\n\t\t\t\t\t\t<div class=\"elementor-element elementor-element-3c963727 elementor-widget elementor-widget-text-editor\" data-id=\"3c963727\" data-element_type=\"widget\" data-widget_type=\"text-editor.default\">\n\t\t\t\t<div class=\"elementor-widget-container\">\n\t\t\t\t\t\t\t\t\t<p><strong><span style=\"color: #000000;\">Capacitaci\u00f3n<\/span><\/strong><\/p><p><span style=\"color: #000000;\">Tambi\u00e9n brindamos capacitaci\u00f3n especializada para socios y clientes en el campo de implementaciones comerciales y uso y mantenimiento de equipos \u00c5IR.<\/span><\/p>\t\t\t\t\t\t\t\t<\/div>\n\t\t\t\t<\/div>\n\t\t\t\t\t<\/div>\n\t\t<\/div>\n\t\t\t\t<div class=\"elementor-column elementor-col-50 elementor-inner-column elementor-element elementor-element-7ae06607\" data-id=\"7ae06607\" data-element_type=\"column\">\n\t\t\t<div class=\"elementor-widget-wrap elementor-element-populated\">\n\t\t\t\t\t\t<div class=\"elementor-element elementor-element-76117e2e elementor-widget elementor-widget-text-editor\" data-id=\"76117e2e\" data-element_type=\"widget\" data-widget_type=\"text-editor.default\">\n\t\t\t\t<div class=\"elementor-widget-container\">\n\t\t\t\t\t\t\t\t\t<p><strong><span style=\"color: #000000;\">Apoyo<\/span><\/strong><\/p><p><span style=\"color: #000000;\">Ofrecemos nuestro SLA b\u00e1sico, que durante los primeros 12 meses despu\u00e9s de la instalaci\u00f3n cubre: disponibilidad de asistencia t\u00e9cnica, actualizaciones de software incluidas, correcci\u00f3n de errores, lanzamiento de funciones, etc.<\/span><\/p>\t\t\t\t\t\t\t\t<\/div>\n\t\t\t\t<\/div>\n\t\t\t\t\t<\/div>\n\t\t<\/div>\n\t\t\t\t\t<\/div>\n\t\t<\/section>\n\t\t\t\t<div class=\"elementor-element elementor-element-2fd17bfe ocs-trigger ocs-toggle ocs-toggle-contacto elementor-widget elementor-widget-button\" data-id=\"2fd17bfe\" data-element_type=\"widget\" data-widget_type=\"button.default\">\n\t\t\t\t<div class=\"elementor-widget-container\">\n\t\t\t\t\t\t\t\t\t<div class=\"elementor-button-wrapper\">\n\t\t\t\t\t<a class=\"elementor-button elementor-button-link elementor-size-sm\" href=\"#\">\n\t\t\t\t\t\t<span class=\"elementor-button-content-wrapper\">\n\t\t\t\t\t\t\t\t\t<span class=\"elementor-button-text\">Cont\u00e1ctanos<\/span>\n\t\t\t\t\t<\/span>\n\t\t\t\t\t<\/a>\n\t\t\t\t<\/div>\n\t\t\t\t\t\t\t\t<\/div>\n\t\t\t\t<\/div>\n\t\t\t\t\t<\/div>\n\t\t<\/div>\n\t\t\t\t\t<\/div>\n\t\t<\/section>\n\t\t\t\t<\/div>\n\t\t","protected":false},"excerpt":{"rendered":"<p>Servicios profesionales Nuestro equipo de expertos brinda servicios profesionales a nuestros clientes durante todo el proceso de planificaci\u00f3n e implementaci\u00f3n de la soluci\u00f3n \u00c5IR. Cont\u00e1ctanos Nuestro equipo siempre est\u00e1 listo para ayudar con cualquier desaf\u00edo potencial que pueda surgir, y somos conocidos por encontrar soluciones r\u00e1pidas y eficientes. Debido a la amplia experiencia de nuestro &#8230; <a title=\"Servicios\" class=\"read-more\" href=\"https:\/\/invezt.co\/Globtel-AIR-TV\/servicios\/\" aria-label=\"Leer m\u00e1s sobre Servicios\">Leer m\u00e1s<\/a><\/p>\n","protected":false},"author":1,"featured_media":0,"parent":0,"menu_order":0,"comment_status":"closed","ping_status":"closed","template":"elementor_header_footer","meta":{"footnotes":""},"class_list":["post-589","page","type-page","status-publish"],"_links":{"self":[{"href":"https:\/\/invezt.co\/Globtel-AIR-TV\/wp-json\/wp\/v2\/pages\/589","targetHints":{"allow":["GET"]}}],"collection":[{"href":"https:\/\/invezt.co\/Globtel-AIR-TV\/wp-json\/wp\/v2\/pages"}],"about":[{"href":"https:\/\/invezt.co\/Globtel-AIR-TV\/wp-json\/wp\/v2\/types\/page"}],"author":[{"embeddable":true,"href":"https:\/\/invezt.co\/Globtel-AIR-TV\/wp-json\/wp\/v2\/users\/1"}],"replies":[{"embeddable":true,"href":"https:\/\/invezt.co\/Globtel-AIR-TV\/wp-json\/wp\/v2\/comments?post=589"}],"version-history":[{"count":10,"href":"https:\/\/invezt.co\/Globtel-AIR-TV\/wp-json\/wp\/v2\/pages\/589\/revisions"}],"predecessor-version":[{"id":831,"href":"https:\/\/invezt.co\/Globtel-AIR-TV\/wp-json\/wp\/v2\/pages\/589\/revisions\/831"}],"wp:attachment":[{"href":"https:\/\/invezt.co\/Globtel-AIR-TV\/wp-json\/wp\/v2\/media?parent=589"}],"curies":[{"name":"wp","href":"https:\/\/api.w.org\/{rel}","templated":true}]}}